{"id":103163,"date":"2023-06-29T16:57:47","date_gmt":"2023-06-29T16:57:47","guid":{"rendered":"https:\/\/www.milene.dittlivdinfremtid.no\/?page_id=103163"},"modified":"2025-06-17T11:11:47","modified_gmt":"2025-06-17T11:11:47","slug":"kurs-og-foredrag","status":"publish","type":"page","link":"https:\/\/liank.no\/en\/kurs-og-foredrag\/","title":{"rendered":"Jeg tilbyr"},"content":{"rendered":"<p style=\"\">\n<h1 style=\"\"><strong>Jeg <span style=\"text-transform: lowercase !important;\">tilby<\/span>r<\/strong><\/h1>\n<p><span style=\"\"><img decoding=\"async\" alt=\"\" data-id=\"104042\" width=\"797\" data-init-width=\"1024\" height=\"567\" data-init-height=\"728\" title=\"VillaJoyosa\" src=\"https:\/\/liank.no\/wp-content\/uploads\/2023\/08\/VillaJoyosa.jpg\" data-width=\"797\" data-height=\"567\" style=\"aspect-ratio: auto 1024 \/ 728;\" ml-d=\"-1.390625\" mt-d=\"0\" loading=\"lazy\"><\/span><\/p>\n<h3>Kurs&nbsp;<span>i<\/span> Villajoyosa, Spania<\/h3>\n<p style=\"\">Her blir det en kombinasjon av selvutvikling og deilige feriedager i nydelige Villajoyosa. Dette blir en indre og ytre reise hvor vi har fokus p\u00e5 deg, det du trenger n\u00e5, og hvordan du kan f\u00e5 det best mulig fremover. Du vil bli enda bedre kjent med deg selv, dine sensitive og dine sterke sider.<\/p>\n<p style=\"\">Kurset inneholder en kombinasjon av foredrag, oppgaver, tur og meditasjon. Dette vil v\u00e6re med p\u00e5 \u00e5 gi deg mer indre ro og lade batteriene dine. Du vil f\u00e5 verkt\u00f8y og enkle teknikker for \u00e5 f\u00e5 bedre balanse i livet og mer overskudd i hverdagen.<\/p>\n<p style=\"\">Vi tilbringer det meste av tiden ute i det fri, og nyter det gode v\u00e6ret og naturen rundt. P\u00e5 fritiden kan du oppleve mer av VillaJoyosa, reise p\u00e5 turer eller bare slappe av om du \u00f8nsker det. Du velger selv hvor lenge du vil bli, og hvor du \u00f8nsker \u00e5 bo. &nbsp;<\/p>\n<h3><em><span><span style=\"text-transform: capitalize !important;\">Bok<\/span> og lydbok:<\/span><\/em><\/h3>\n<h3>Sensitiv&nbsp;<span>og sterk<\/span><\/h3>\n<p style=\"\">Er du en eller noen du kjenner en av de ca 1 million nordmenn som er h\u00f8ysensitive? Eller er du rett og slett bare lei av det enorme presset fra samfunnet?&nbsp; Da er dette boken for deg!<\/p>\n<p style=\"\">Ofte er det slik at n\u00e5r dine egne og andres forventinger til deg&nbsp; blir for h\u00f8ye, bygger du opp en mur. En mur som hindrer deg i \u00e5 leve livet ditt til det fulle.<\/p>\n<p style=\"\">Oppn\u00e5 et liv utenfor muren og nyt livet i harmoni med deg selv. G\u00e5 fra en tilv\u00e6relse i svart-hvitt, til \u00e5 leve et liv i farger, der sensitiviteten din f\u00e5r en mening!<\/p>\n<p><span><img decoding=\"async\" alt=\"\" data-id=\"103529\" width=\"562\" data-init-width=\"600\" height=\"562\" data-init-height=\"600\" title=\"jCr657FEstOeF8BRw8YJuovTY\" src=\"https:\/\/liank.no\/wp-content\/uploads\/2023\/07\/jCr657FEstOeF8BRw8YJuovTY.jpg\" data-width=\"562\" data-height=\"562\" style=\"aspect-ratio: auto 600 \/ 600;\" loading=\"lazy\"><\/span><\/p>\n<h3>Foredrag<\/h3>\n<p style=\"\">I l\u00f8pet av \u00e5rene &nbsp;har jeg f\u00e5tt lang erfaring i \u00e5 holde foredrag b\u00e5de i inn- og utland. Foredragene mine kan holdes b\u00e5de live og online og skreddersys til de ulike gruppene som er tilh\u00f8rere.<\/p>\n<p style=\"\"><span>Jeg holder foredrag innen ulike temaer som h\u00f8ysensitivitet, h\u00f8ysensitivitet og karriere, histaminintoleranse og leve med matintoleranser, motivasjon, selvledelse og livsglede.<\/span><\/p>\n<p style=\"\"><span><\/span><span>I foredragene byr jeg p\u00e5 meg selv, deler av min kunnskap og lange erfaring. Her f\u00e5r du b\u00e5de gode teknikker og mine erfaringsbaserte tips og til bruk i det daglige.<\/span><\/p>","protected":false},"excerpt":{"rendered":"<p>Jeg tilbyr Kurs&nbsp;i Villajoyosa, Spania Her blir det en kombinasjon av selvutvikling og deilige feriedager i nydelige Villajoyosa. Dette blir en indre og ytre reise hvor vi har fokus p\u00e5 deg, det du trenger n\u00e5, og hvordan du kan f\u00e5 det best mulig fremover. Du vil bli enda bedre kjent med deg selv, dine sensitive [&hellip;]<\/p>\n","protected":false},"author":1,"featured_media":0,"parent":0,"menu_order":0,"comment_status":"closed","ping_status":"closed","template":"","meta":{"footnotes":""},"class_list":["post-103163","page","type-page","status-publish","hentry","post-wrapper","thrv_wrapper"],"yoast_head":"<!-- This site is optimized with the Yoast SEO plugin v27.5 - https:\/\/yoast.com\/product\/yoast-seo-wordpress\/ -->\n<title>Jeg tilbyr - LianK<\/title>\n<meta name=\"robots\" content=\"index, follow, max-snippet:-1, max-image-preview:large, max-video-preview:-1\" \/>\n<link rel=\"canonical\" href=\"https:\/\/liank.no\/en\/kurs-og-foredrag\/\" \/>\n<meta property=\"og:locale\" content=\"en_GB\" \/>\n<meta property=\"og:type\" content=\"article\" \/>\n<meta property=\"og:title\" content=\"Jeg tilbyr - LianK\" \/>\n<meta property=\"og:description\" content=\"Jeg tilbyr Kurs&nbsp;i Villajoyosa, Spania Her blir det en kombinasjon av selvutvikling og deilige feriedager i nydelige Villajoyosa. Dette blir en indre og ytre reise hvor vi har fokus p\u00e5 deg, det du trenger n\u00e5, og hvordan du kan f\u00e5 det best mulig fremover. Du vil bli enda bedre kjent med deg selv, dine sensitive [&hellip;]\" \/>\n<meta property=\"og:url\" content=\"https:\/\/liank.no\/en\/kurs-og-foredrag\/\" \/>\n<meta property=\"og:site_name\" content=\"LianK\" \/>\n<meta property=\"article:modified_time\" content=\"2025-06-17T11:11:47+00:00\" \/>\n<meta property=\"og:image\" content=\"https:\/\/liank.no\/wp-content\/uploads\/2023\/08\/VillaJoyosa.jpg\" \/>\n<meta name=\"twitter:card\" content=\"summary_large_image\" \/>\n<script type=\"application\/ld+json\" class=\"yoast-schema-graph\">{\"@context\":\"https:\\\/\\\/schema.org\",\"@graph\":[{\"@type\":\"WebPage\",\"@id\":\"https:\\\/\\\/liank.no\\\/kurs-og-foredrag\\\/\",\"url\":\"https:\\\/\\\/liank.no\\\/kurs-og-foredrag\\\/\",\"name\":\"Jeg tilbyr - LianK\",\"isPartOf\":{\"@id\":\"https:\\\/\\\/www.milene.dittlivdinfremtid.no\\\/#website\"},\"primaryImageOfPage\":{\"@id\":\"https:\\\/\\\/liank.no\\\/kurs-og-foredrag\\\/#primaryimage\"},\"image\":{\"@id\":\"https:\\\/\\\/liank.no\\\/kurs-og-foredrag\\\/#primaryimage\"},\"thumbnailUrl\":\"https:\\\/\\\/liank.no\\\/wp-content\\\/uploads\\\/2023\\\/08\\\/VillaJoyosa.jpg\",\"datePublished\":\"2023-06-29T16:57:47+00:00\",\"dateModified\":\"2025-06-17T11:11:47+00:00\",\"breadcrumb\":{\"@id\":\"https:\\\/\\\/liank.no\\\/kurs-og-foredrag\\\/#breadcrumb\"},\"inLanguage\":\"en-GB\",\"potentialAction\":[{\"@type\":\"ReadAction\",\"target\":[\"https:\\\/\\\/liank.no\\\/kurs-og-foredrag\\\/\"]}]},{\"@type\":\"ImageObject\",\"inLanguage\":\"en-GB\",\"@id\":\"https:\\\/\\\/liank.no\\\/kurs-og-foredrag\\\/#primaryimage\",\"url\":\"https:\\\/\\\/liank.no\\\/wp-content\\\/uploads\\\/2023\\\/08\\\/VillaJoyosa.jpg\",\"contentUrl\":\"https:\\\/\\\/liank.no\\\/wp-content\\\/uploads\\\/2023\\\/08\\\/VillaJoyosa.jpg\"},{\"@type\":\"BreadcrumbList\",\"@id\":\"https:\\\/\\\/liank.no\\\/kurs-og-foredrag\\\/#breadcrumb\",\"itemListElement\":[{\"@type\":\"ListItem\",\"position\":1,\"name\":\"Hjem\",\"item\":\"https:\\\/\\\/liank.no\\\/\"},{\"@type\":\"ListItem\",\"position\":2,\"name\":\"Jeg tilbyr\"}]},{\"@type\":\"WebSite\",\"@id\":\"https:\\\/\\\/www.milene.dittlivdinfremtid.no\\\/#website\",\"url\":\"https:\\\/\\\/www.milene.dittlivdinfremtid.no\\\/\",\"name\":\"LianK\",\"description\":\"My WordPress Blog\",\"potentialAction\":[{\"@type\":\"SearchAction\",\"target\":{\"@type\":\"EntryPoint\",\"urlTemplate\":\"https:\\\/\\\/www.milene.dittlivdinfremtid.no\\\/?s={search_term_string}\"},\"query-input\":{\"@type\":\"PropertyValueSpecification\",\"valueRequired\":true,\"valueName\":\"search_term_string\"}}],\"inLanguage\":\"en-GB\"}]}<\/script>\n<!-- \/ Yoast SEO plugin. -->","yoast_head_json":{"title":"Jeg tilbyr - LianK","robots":{"index":"index","follow":"follow","max-snippet":"max-snippet:-1","max-image-preview":"max-image-preview:large","max-video-preview":"max-video-preview:-1"},"canonical":"https:\/\/liank.no\/en\/kurs-og-foredrag\/","og_locale":"en_GB","og_type":"article","og_title":"Jeg tilbyr - LianK","og_description":"Jeg tilbyr Kurs&nbsp;i Villajoyosa, Spania Her blir det en kombinasjon av selvutvikling og deilige feriedager i nydelige Villajoyosa. Dette blir en indre og ytre reise hvor vi har fokus p\u00e5 deg, det du trenger n\u00e5, og hvordan du kan f\u00e5 det best mulig fremover. Du vil bli enda bedre kjent med deg selv, dine sensitive [&hellip;]","og_url":"https:\/\/liank.no\/en\/kurs-og-foredrag\/","og_site_name":"LianK","article_modified_time":"2025-06-17T11:11:47+00:00","og_image":[{"url":"https:\/\/liank.no\/wp-content\/uploads\/2023\/08\/VillaJoyosa.jpg","type":"","width":"","height":""}],"twitter_card":"summary_large_image","schema":{"@context":"https:\/\/schema.org","@graph":[{"@type":"WebPage","@id":"https:\/\/liank.no\/kurs-og-foredrag\/","url":"https:\/\/liank.no\/kurs-og-foredrag\/","name":"Jeg tilbyr - LianK","isPartOf":{"@id":"https:\/\/www.milene.dittlivdinfremtid.no\/#website"},"primaryImageOfPage":{"@id":"https:\/\/liank.no\/kurs-og-foredrag\/#primaryimage"},"image":{"@id":"https:\/\/liank.no\/kurs-og-foredrag\/#primaryimage"},"thumbnailUrl":"https:\/\/liank.no\/wp-content\/uploads\/2023\/08\/VillaJoyosa.jpg","datePublished":"2023-06-29T16:57:47+00:00","dateModified":"2025-06-17T11:11:47+00:00","breadcrumb":{"@id":"https:\/\/liank.no\/kurs-og-foredrag\/#breadcrumb"},"inLanguage":"en-GB","potentialAction":[{"@type":"ReadAction","target":["https:\/\/liank.no\/kurs-og-foredrag\/"]}]},{"@type":"ImageObject","inLanguage":"en-GB","@id":"https:\/\/liank.no\/kurs-og-foredrag\/#primaryimage","url":"https:\/\/liank.no\/wp-content\/uploads\/2023\/08\/VillaJoyosa.jpg","contentUrl":"https:\/\/liank.no\/wp-content\/uploads\/2023\/08\/VillaJoyosa.jpg"},{"@type":"BreadcrumbList","@id":"https:\/\/liank.no\/kurs-og-foredrag\/#breadcrumb","itemListElement":[{"@type":"ListItem","position":1,"name":"Hjem","item":"https:\/\/liank.no\/"},{"@type":"ListItem","position":2,"name":"Jeg tilbyr"}]},{"@type":"WebSite","@id":"https:\/\/www.milene.dittlivdinfremtid.no\/#website","url":"https:\/\/www.milene.dittlivdinfremtid.no\/","name":"LianK","description":"My WordPress Blog","potentialAction":[{"@type":"SearchAction","target":{"@type":"EntryPoint","urlTemplate":"https:\/\/www.milene.dittlivdinfremtid.no\/?s={search_term_string}"},"query-input":{"@type":"PropertyValueSpecification","valueRequired":true,"valueName":"search_term_string"}}],"inLanguage":"en-GB"}]}},"_links":{"self":[{"href":"https:\/\/liank.no\/en\/wp-json\/wp\/v2\/pages\/103163","targetHints":{"allow":["GET"]}}],"collection":[{"href":"https:\/\/liank.no\/en\/wp-json\/wp\/v2\/pages"}],"about":[{"href":"https:\/\/liank.no\/en\/wp-json\/wp\/v2\/types\/page"}],"author":[{"embeddable":true,"href":"https:\/\/liank.no\/en\/wp-json\/wp\/v2\/users\/1"}],"replies":[{"embeddable":true,"href":"https:\/\/liank.no\/en\/wp-json\/wp\/v2\/comments?post=103163"}],"version-history":[{"count":77,"href":"https:\/\/liank.no\/en\/wp-json\/wp\/v2\/pages\/103163\/revisions"}],"predecessor-version":[{"id":104720,"href":"https:\/\/liank.no\/en\/wp-json\/wp\/v2\/pages\/103163\/revisions\/104720"}],"wp:attachment":[{"href":"https:\/\/liank.no\/en\/wp-json\/wp\/v2\/media?parent=103163"}],"curies":[{"name":"wp","href":"https:\/\/api.w.org\/{rel}","templated":true}]}}