{"id":103427,"date":"2023-07-03T13:17:12","date_gmt":"2023-07-03T13:17:12","guid":{"rendered":"https:\/\/www.milene.dittlivdinfremtid.no\/?page_id=103427"},"modified":"2025-06-17T11:00:12","modified_gmt":"2025-06-17T11:00:12","slug":"kontakt-2","status":"publish","type":"page","link":"https:\/\/liank.no\/en\/kontakt-2\/","title":{"rendered":"Kontakt Lian"},"content":{"rendered":"<p style=\"font-size: 14px !important;\"><span style=\"color: hsla(var(--tcb-main-master-h, 210), var(--tcb-main-master-s, 77%), var(--tcb-main-master-l, 54%), 1);\">F\u00f8lg<\/span> meg p\u00e5 sosiale medier! Jeg er mest aktiv p\u00e5 instagram.<\/p>\n<p style=\"font-size: 14px !important;\">\n<p style=\"font-size: 14px !important;\">Tel.: +47 95204744<\/p>\n<p><a href=\"https:\/\/instagram.com\/liankcoaching?igshid=OGQ5ZDc2ODk2ZA==\" rel=\"\" target=\"_blank\"><\/p>\n<p style=\"\">Finn meg p\u00e5<\/p>\n<p>Instagram<\/p>\n<p><\/a><a href=\"https:\/\/www.facebook.com\/liank16\/\" target=\"_blank\" rel=\"\"><\/p>\n<p style=\"\">Finn meg p\u00e5<\/p>\n<p>Facebook<\/p>\n<p><\/a><a href=\"https:\/\/no.linkedin.com\/in\/lian-kirks\u00e6ther-a81b5810\" target=\"_blank\" rel=\"\"><\/p>\n<p style=\"\">Finn meg p\u00e5<\/p>\n<p>Linkedin<\/p>\n<p><\/a><\/p>","protected":false},"excerpt":{"rendered":"<p>F\u00f8lg meg p\u00e5 sosiale medier! Jeg er mest aktiv p\u00e5 instagram. Tel.: +47 95204744 Finn meg p\u00e5 Instagram Finn meg p\u00e5 Facebook Finn meg p\u00e5 Linkedin<\/p>","protected":false},"author":1,"featured_media":0,"parent":0,"menu_order":0,"comment_status":"closed","ping_status":"closed","template":"","meta":{"footnotes":""},"class_list":["post-103427","page","type-page","status-publish","hentry","post-wrapper","thrv_wrapper"],"yoast_head":"<!-- This site is optimized with the Yoast SEO plugin v27.5 - https:\/\/yoast.com\/product\/yoast-seo-wordpress\/ -->\n<title>Kontakt Lian - LianK<\/title>\n<meta name=\"robots\" content=\"index, follow, max-snippet:-1, max-image-preview:large, max-video-preview:-1\" \/>\n<link rel=\"canonical\" href=\"https:\/\/liank.no\/en\/kontakt-2\/\" \/>\n<meta property=\"og:locale\" content=\"en_GB\" \/>\n<meta property=\"og:type\" content=\"article\" \/>\n<meta property=\"og:title\" content=\"Kontakt Lian - LianK\" \/>\n<meta property=\"og:description\" content=\"F\u00f8lg meg p\u00e5 sosiale medier! Jeg er mest aktiv p\u00e5 instagram. Tel.: +47 95204744 Finn meg p\u00e5 Instagram Finn meg p\u00e5 Facebook Finn meg p\u00e5 Linkedin\" \/>\n<meta property=\"og:url\" content=\"https:\/\/liank.no\/en\/kontakt-2\/\" \/>\n<meta property=\"og:site_name\" content=\"LianK\" \/>\n<meta property=\"article:modified_time\" content=\"2025-06-17T11:00:12+00:00\" \/>\n<meta name=\"twitter:card\" content=\"summary_large_image\" \/>\n<script type=\"application\/ld+json\" class=\"yoast-schema-graph\">{\"@context\":\"https:\\\/\\\/schema.org\",\"@graph\":[{\"@type\":\"WebPage\",\"@id\":\"https:\\\/\\\/liank.no\\\/kontakt-2\\\/\",\"url\":\"https:\\\/\\\/liank.no\\\/kontakt-2\\\/\",\"name\":\"Kontakt Lian - LianK\",\"isPartOf\":{\"@id\":\"https:\\\/\\\/www.milene.dittlivdinfremtid.no\\\/#website\"},\"datePublished\":\"2023-07-03T13:17:12+00:00\",\"dateModified\":\"2025-06-17T11:00:12+00:00\",\"breadcrumb\":{\"@id\":\"https:\\\/\\\/liank.no\\\/kontakt-2\\\/#breadcrumb\"},\"inLanguage\":\"en-GB\",\"potentialAction\":[{\"@type\":\"ReadAction\",\"target\":[\"https:\\\/\\\/liank.no\\\/kontakt-2\\\/\"]}]},{\"@type\":\"BreadcrumbList\",\"@id\":\"https:\\\/\\\/liank.no\\\/kontakt-2\\\/#breadcrumb\",\"itemListElement\":[{\"@type\":\"ListItem\",\"position\":1,\"name\":\"Hjem\",\"item\":\"https:\\\/\\\/liank.no\\\/\"},{\"@type\":\"ListItem\",\"position\":2,\"name\":\"Kontakt Lian\"}]},{\"@type\":\"WebSite\",\"@id\":\"https:\\\/\\\/www.milene.dittlivdinfremtid.no\\\/#website\",\"url\":\"https:\\\/\\\/www.milene.dittlivdinfremtid.no\\\/\",\"name\":\"LianK\",\"description\":\"My WordPress Blog\",\"potentialAction\":[{\"@type\":\"SearchAction\",\"target\":{\"@type\":\"EntryPoint\",\"urlTemplate\":\"https:\\\/\\\/www.milene.dittlivdinfremtid.no\\\/?s={search_term_string}\"},\"query-input\":{\"@type\":\"PropertyValueSpecification\",\"valueRequired\":true,\"valueName\":\"search_term_string\"}}],\"inLanguage\":\"en-GB\"}]}<\/script>\n<!-- \/ Yoast SEO plugin. -->","yoast_head_json":{"title":"Kontakt Lian - LianK","robots":{"index":"index","follow":"follow","max-snippet":"max-snippet:-1","max-image-preview":"max-image-preview:large","max-video-preview":"max-video-preview:-1"},"canonical":"https:\/\/liank.no\/en\/kontakt-2\/","og_locale":"en_GB","og_type":"article","og_title":"Kontakt Lian - LianK","og_description":"F\u00f8lg meg p\u00e5 sosiale medier! Jeg er mest aktiv p\u00e5 instagram. Tel.: +47 95204744 Finn meg p\u00e5 Instagram Finn meg p\u00e5 Facebook Finn meg p\u00e5 Linkedin","og_url":"https:\/\/liank.no\/en\/kontakt-2\/","og_site_name":"LianK","article_modified_time":"2025-06-17T11:00:12+00:00","twitter_card":"summary_large_image","schema":{"@context":"https:\/\/schema.org","@graph":[{"@type":"WebPage","@id":"https:\/\/liank.no\/kontakt-2\/","url":"https:\/\/liank.no\/kontakt-2\/","name":"Kontakt Lian - LianK","isPartOf":{"@id":"https:\/\/www.milene.dittlivdinfremtid.no\/#website"},"datePublished":"2023-07-03T13:17:12+00:00","dateModified":"2025-06-17T11:00:12+00:00","breadcrumb":{"@id":"https:\/\/liank.no\/kontakt-2\/#breadcrumb"},"inLanguage":"en-GB","potentialAction":[{"@type":"ReadAction","target":["https:\/\/liank.no\/kontakt-2\/"]}]},{"@type":"BreadcrumbList","@id":"https:\/\/liank.no\/kontakt-2\/#breadcrumb","itemListElement":[{"@type":"ListItem","position":1,"name":"Hjem","item":"https:\/\/liank.no\/"},{"@type":"ListItem","position":2,"name":"Kontakt Lian"}]},{"@type":"WebSite","@id":"https:\/\/www.milene.dittlivdinfremtid.no\/#website","url":"https:\/\/www.milene.dittlivdinfremtid.no\/","name":"LianK","description":"My WordPress Blog","potentialAction":[{"@type":"SearchAction","target":{"@type":"EntryPoint","urlTemplate":"https:\/\/www.milene.dittlivdinfremtid.no\/?s={search_term_string}"},"query-input":{"@type":"PropertyValueSpecification","valueRequired":true,"valueName":"search_term_string"}}],"inLanguage":"en-GB"}]}},"_links":{"self":[{"href":"https:\/\/liank.no\/en\/wp-json\/wp\/v2\/pages\/103427","targetHints":{"allow":["GET"]}}],"collection":[{"href":"https:\/\/liank.no\/en\/wp-json\/wp\/v2\/pages"}],"about":[{"href":"https:\/\/liank.no\/en\/wp-json\/wp\/v2\/types\/page"}],"author":[{"embeddable":true,"href":"https:\/\/liank.no\/en\/wp-json\/wp\/v2\/users\/1"}],"replies":[{"embeddable":true,"href":"https:\/\/liank.no\/en\/wp-json\/wp\/v2\/comments?post=103427"}],"version-history":[{"count":28,"href":"https:\/\/liank.no\/en\/wp-json\/wp\/v2\/pages\/103427\/revisions"}],"predecessor-version":[{"id":104711,"href":"https:\/\/liank.no\/en\/wp-json\/wp\/v2\/pages\/103427\/revisions\/104711"}],"wp:attachment":[{"href":"https:\/\/liank.no\/en\/wp-json\/wp\/v2\/media?parent=103427"}],"curies":[{"name":"wp","href":"https:\/\/api.w.org\/{rel}","templated":true}]}}