{"id":103445,"date":"2023-07-05T12:48:04","date_gmt":"2023-07-05T12:48:04","guid":{"rendered":"https:\/\/www.milene.dittlivdinfremtid.no\/?page_id=103445"},"modified":"2025-06-17T11:05:28","modified_gmt":"2025-06-17T11:05:28","slug":"coaching","status":"publish","type":"page","link":"https:\/\/liank.no\/en\/coaching\/","title":{"rendered":"Coaching"},"content":{"rendered":"<p><span style=\"\"><img decoding=\"async\" alt=\"\" data-id=\"103672\" width=\"372\" data-init-width=\"800\" height=\"558\" data-init-height=\"1200\" title=\"AIRBNB EXPERIENCE - LIAN\" src=\"https:\/\/liank.no\/wp-content\/uploads\/2023\/08\/DWC08431.jpg\" data-width=\"372\" style=\"aspect-ratio: auto 800 \/ 1200;\" data-height=\"558\" mt-d=\"-93\" ml-d=\"0\" center-v-d=\"false\" loading=\"lazy\"><\/span><\/p>\n<h1 style=\"\">F\u00e5<span>&nbsp;din personlige coach og veileder<\/span><\/h1>\n<p style=\"\">Gjennom coaching hjelper jeg deg til \u00e5 h\u00e5ndtere livet ditt p\u00e5 en god m\u00e5te.<\/p>\n<h2 style=\"text-align: center;\">Hvord<span style=\"text-transform: lowercase;\">an kan jeg hjelpe deg?<\/span><\/h2>\n<p style=\"text-align: center;\">Jeg vil v\u00e6re din st\u00f8ttespiller og veilede deg der du trenger det enten det gjelder en utfordringer eller en dr\u00f8m. Dette gj\u00f8r vi over telefon eller videom\u00f8te. Som coach og veileder setter jeg fokus p\u00e5 deg, ditt liv og det du trenger akkurat n\u00e5 og fremover.&nbsp;<\/p>\n<p><span><img decoding=\"async\" alt=\"\" data-id=\"133\" width=\"78\" data-init-width=\"85\" height=\"81\" data-init-height=\"88\" title=\"Xpert_icon_03\" src=\"\/\/liank.no\/wp-content\/uploads\/tcb_lp_templates\/templates\/css\/images\/Xpert_icon_03.png\" data-width=\"78\" style=\"aspect-ratio: auto 85 \/ 88;\" data-height=\"81\" loading=\"lazy\"><\/span><\/p>\n<h5 style=\"\">Coaching<\/h5>\n<p>Coaching handler om utvikling og din suksess. Du blir mer bevisst p\u00e5 deg selv, livet ditt, dine \u00f8nsker og verdier. N\u00e5r ditt liv er i balanse fungerer du optimalt.<\/p>\n<p><span><img decoding=\"async\" alt=\"\" data-id=\"126\" width=\"78\" data-init-width=\"86\" height=\"81\" data-init-height=\"88\" title=\"Xpert_icon_01\" src=\"\/\/liank.no\/wp-content\/uploads\/tcb_lp_templates\/templates\/css\/images\/Xpert_icon_01-2.png\" data-width=\"78\" style=\"aspect-ratio: auto 86 \/ 88;\" data-height=\"81\" loading=\"lazy\"><\/span><\/p>\n<h5 style=\"\">Selvutvikling<\/h5>\n<p style=\"\">Selvutvikling handler om deg og din utvikling. Bli glad i deg selv og aksepter deg selv slik du er, finn dine sterke sider, f\u00e5 mer energi og lev et liv i harmoni med deg selv.<\/p>\n<p><span><img decoding=\"async\" alt=\"\" data-id=\"374\" width=\"78\" data-init-width=\"85\" height=\"81\" data-init-height=\"85\" title=\"Xpert_icon_04\" src=\"\/\/liank.no\/wp-content\/uploads\/tcb_lp_templates\/templates\/css\/images\/Xpert_icon_04.png\" data-width=\"78\" style=\"aspect-ratio: auto 85 \/ 85;\" data-height=\"81\" loading=\"lazy\"><\/span><\/p>\n<h5>Veiledning<\/h5>\n<p>Du blir coachet og veiledet der du trenger det, og jeg deler av min kunnskap og lange erfaring. Vi tar tak i det som er viktig for deg n\u00e5, enten det er jobb, familie, helse eller en kombinasjon av det hele.&nbsp;<\/p>\n<p><span><img decoding=\"async\" alt=\"\" data-id=\"132\" width=\"78\" data-init-width=\"85\" height=\"81\" data-init-height=\"88\" title=\"Xpert_icon_02\" src=\"\/\/liank.no\/wp-content\/uploads\/tcb_lp_templates\/templates\/css\/images\/Xpert_icon_02.png\" data-width=\"78\" style=\"aspect-ratio: auto 85 \/ 88;\" data-height=\"81\" loading=\"lazy\"><\/span><\/p>\n<h5 style=\"\">NLP<\/h5>\n<p>Nevro Lingvistisk Programmering (NLP)er kjent som en effektiv og moderne form for psykologi. Denne er veldig positivt for all uavforhengig av alder, og hjelper \u00e5 skape &nbsp;bedre selvf\u00f8lelse og selvtillit.<\/p>\n<p dir=\"ltr\" style=\"\">Rosa,&nbsp;<strong>Forsker<\/strong><\/p>\n<p style=\"\">&laquo;Jeg var utbrent, og hadde en vanskelig periode. Jeg tok kontakt med Lian etter at jeg hadde lest om Lian p\u00e5 den amerikanske nettsiden til dr. Elaine Aron. Lian ble min st\u00f8tte og veileder i denne tiden hvor jeg endret livstilen min. Lian hjalp meg hjalp \u00e5 endre p\u00e5 gamle vaner og lage nye. Dette hjelper meg i dag til \u00e5 beholde en stabil energibalanse. Tusen takk, Lian!&raquo;<\/p>\n<h1 style=\"\">Coaching<span style=\"text-transform: lowercase;\"> P<\/span>akker<\/h1>\n<p style=\"\">Coaching tilpasset ditt behov<\/p>\n<p><a href=\"#\" style=\"\"><span style=\"\"><span style=\"\">Bjgthsdfsdly<\/span><\/span><\/a><a href=\"#\" style=\"\"><span style=\"\"><span style=\"\"><\/span><\/span><\/a><\/p>\n<h3 style=\"\">Coachingpakker <span style=\"text-transform: lowercase;\">for private<\/span><\/h3>\n<p>Disse pakkene er for privatpersoner som \u00f8nsker coaching og veiledning. Vi snakkes over telefon eller videom\u00f8te.<\/p>\n<\/p>\n<p>Coachingen blir tilpasset deg, og vi fokuserer p\u00e5 det som er viktig for deg og det du trenger n\u00e5.&nbsp;<\/p>\n<ul>\n<li style=\"\"><span style=\"\">Her f\u00e5r du din egen coach og mentor med mye kunnskap, mange \u00e5rs erfaring og et stort utvalg av verkt\u00f8y du kan bruke i det daglige. Du f\u00e5r hjelp til avklaring, hva som er viktig og hvor du setter fokus, enten det gjelder jobb, familie, helse eller en kombinasjon av det hele.<\/span><\/li>\n<li><span style=\"\">Coachingen foreg\u00e5r over telefon eller online.<\/span><\/li>\n<li><span style=\"\">1 coaching time er p\u00e5 45 minuter. Prisen inkluderer coachens for og etterarbeid. MVA er inkludert I prisen.<\/span><\/li>\n<li><span>1 x time &nbsp;kr. 1.300<\/span><\/li>\n<li><span style=\"\">5 x timer kr. 6.100<\/span><\/li>\n<li><span style=\"\">8 x timer kr. 9.800&nbsp;<\/span><\/li>\n<\/ul>\n<h3 style=\"\">Coachingpakker <span style=\"text-transform: lowercase;\">For bedrift<\/span><\/h3>\n<p style=\"\">Egne pakker og priser for bedrift. Coachingen er over telefon eller videom\u00f8te.&nbsp;<\/p>\n<p style=\"\">Vi tilpasser til hver bedrift i forhold til bransjen. Ta kontakt for mer informasjon.<\/p>\n<ul>\n<li style=\"\"><span style=\"\">Coaching og veiledning for kvinnelige ledere, gr\u00fcndere og medarbeidere. Jeg skreddersyr og tilpasser pakker til bedrifter og organisasjoner.<\/span><\/li>\n<li style=\"\"><span style=\"\">Her f\u00e5r du din egen coach og mentor med mye kunnskap, mange \u00e5rs erfaring og et stort utvalg av verkt\u00f8y du kan bruke i det daglige.<\/span><\/li>\n<li><span>Du f\u00e5r hjelp til avklaring, hva som er viktig og hvor du setter fokus, enten det gjelder jobb, familie, helse eller en kombinasjon av det hele.<\/span><\/li>\n<li><span style=\"\">Coachingen foreg\u00e5r over telefon eller online.<\/span><\/li>\n<li style=\"\"><span style=\"\">1 coaching time er p\u00e5 45 minuter og inkluderer coachens for og etterarbeid.<\/span><\/li>\n<li><span>MVA er inkludert I prisen.<\/span><\/li>\n<\/ul>\n<h3 style=\"\">Group<\/h3>\n<p style=\"\">$242.99\/mo<\/p>\n<ul>\n<li style=\"\"><span style=\"\">Access to Advanced Coaching Modules<\/span><\/li>\n<li style=\"\"><span style=\"\">Access to Our Community<\/span><\/li>\n<li style=\"\"><span style=\"\">Participation in Live Q&amp;A Calls<\/span><\/li>\n<\/ul>\n<h3 style=\"\">Premium<\/h3>\n<p style=\"\">$540.99\/mo<\/p>\n<p style=\"\">One time payment<\/p>\n<ul>\n<li style=\"\"><span style=\"\">3 Months of Unlimited Consulting<\/span><\/li>\n<li style=\"\"><span style=\"\">Access to Advanced Coaching Modules<\/span><\/li>\n<li style=\"\"><span style=\"\">6 One-on-one Coaching Sessions<\/span><\/li>\n<\/ul>\n<h2 dir=\"ltr\" style=\"\">Hvorfor <span style=\"text-transform: lowercase;\">coachin<\/span>g?<\/h2>\n<p dir=\"ltr\" style=\"\">Det kan v\u00e6re du opplever stress, f\u00f8ler deg overstimulert eller \u00f8nsker personlig utvikling. Som din coach og st\u00f8ttespiller hjelper jeg deg til \u00e5 finne balansen i livet, og hente frem din unike styrke enten det gjelder jobb, familie, helse eller en kombinasjon av det hele.<\/p>\n<p dir=\"ltr\" style=\"\">Jeg vil v\u00e6re din personlige coach og veileder, og setter fokus p\u00e5 deg, ditt liv, og dine \u00f8nsker. Jeg bruker enkle og effektive teknikker, som gir positive resultater.<\/p>\n<p><span style=\"\"><img decoding=\"async\" alt=\"\" data-id=\"103642\" width=\"374\" data-init-width=\"1200\" height=\"249\" data-init-height=\"800\" title=\"Carefree beautiful latin woman relaxing on beach\" src=\"https:\/\/liank.no\/wp-content\/uploads\/2023\/08\/iStock-1369510216-1.jpg\" data-width=\"374\" data-height=\"249\" style=\"aspect-ratio: auto 1200 \/ 800;\" ml-d=\"0\" mt-d=\"0\" loading=\"lazy\"><\/span><\/p>\n<p><strong><span>Coaching hjelper deg til \u00e5:<\/span><\/strong><\/p>\n<p><span>1. Sortere tanker2. L\u00f8se problem3. Sette grenser4. Finne dine drivkrefter 5. Hente frem din indre styrke6. Sette fokus p\u00e5 rett sted<\/span><\/p>\n<h3 style=\"\"><span style=\"text-transform: capitalize !important;\">Meld<\/span><span style=\"text-transform: lowercase;\"> deg p\u00e5 v\u00e5r epost liste for informasjon og tilbud!<\/span><\/h3>\n<h2 style=\"\">Kom<span style=\"text-transform: lowercase;\"> i gang med coaching du ogs\u00e5!<\/span><\/h2>\n<p style=\"\">I l\u00f8pet av \u00e5rene har jeg hjulpet mange med \u00e5 n\u00e5 sine dr\u00f8mmer eller coachet dem rundt utfordringer i livet. Jeg har jobbet med telefoncoaching og online i snart tretti \u00e5r n\u00e5, og ser hvor godt det fungerer.<\/p>\n<\/p>\n<p style=\"\">Mange kvinner har mange baller i luften samtidig, og til tider kan det bli for mange krav og for mye som skjer. Siden jeg er spesialisert p\u00e5 kvinner har jeg mye \u00e5 bidra med.<\/p>\n<\/p>\n<p style=\"\">Jeg vil v\u00e6re din coach og st\u00f8ttespiller, og sammen vil vi sortere tanker og finne ut hvordan du kan h\u00e5ndtere livet ditt p\u00e5 en god m\u00e5te.<\/p>\n<h2 style=\"text-align: center;\">Hva<span style=\"text-transform: lowercase;\">&nbsp;sier kundene&nbsp;<\/span><\/h2>\n<p>Lian hjalp meg til \u00e5 endre livet mitt og gi meg h\u00e5p! Har bestandig trodd at det var noe galt med meg, men n\u00e5 ser jeg sammenhenger jeg ikke s\u00e5 f\u00f8r. Det har v\u00e6rt b\u00e5de l\u00e6rerikt og godt for meg, og jeg l\u00e6rte mye om sensitivitet og alle gode sider ved den.<\/p>\n<h4 style=\"\">Randi<\/h4>\n<p>Helsevesenet&nbsp;<\/p>\n<p style=\"\">Jeg har v\u00e6rt leder i Statens vegvesen i en rekke \u00e5r, og senere seksjonsleder i Vegdirektoratet. Jeg har benyttet meg av telefoncoaching med Lian Kirks\u00e6ther. Jeg var i utgangspunktet skeptisk til coaching p\u00e5 telefon, men etter \u00e5 ha pr\u00f8vet kan jeg p\u00e5 det varmeste anbefale metoden.<\/p>\n<h4 style=\"\">Janne<\/h4>\n<p>Leder i Statens Vegvesen<\/p>\n<p style=\"\">I en travel jobbhverdag opplevde jeg telefoncoaching som et nyttig bidrag til videre utvikling. Det var en effektiv l\u00f8sning for meg, som leder i Telenor.<\/p>\n<h4 style=\"\">Maria&nbsp;<\/h4>\n<p style=\"\">Leder i Telenor<\/p>\n<p style=\"\">Lian er positiv og engasjert person med sv\u00e6rt gode evner til \u00e5 kommunisere med mennesker, og hun er dyktig til \u00e5 stille relevante sp\u00f8rsm\u00e5l.<\/p>\n<h4 style=\"\">Linda&nbsp;<\/h4>\n<p style=\"\">Pedagog<\/p>\n<p style=\"color: var(--tve-color, rgb(55, 135, 218));\"> <span data-shortcode=\"tcb_post_categories\" data-shortcode-name=\"List of categories\" data-extra_key=\"\" data-attr-link=\"0\" data-attr-target=\"0\" data-attr-rel=\"0\" data-option-inline=\"1\" style=\"\"><\/span> <\/p>\n<h2 style=\"\"> <span data-shortcode=\"tcb_post_title\" data-shortcode-name=\"Post title\" data-extra_key=\"\" data-attr-link=\"1\" data-attr-target=\"0\" data-attr-rel=\"0\" data-option-inline=\"1\" data-attr-static-link=\"{&quot;className&quot;:&quot;&quot;,&quot;href&quot;:&quot;#&quot;,&quot;title&quot;:&quot;Coaching&quot;,&quot;class&quot;:&quot;&quot;}\" data-attr-css=\"\"><a href=\"https:\/\/liank.no\/en\/coaching\/\" title=\"Coaching\" data-css=\"\">Coaching<\/a><\/span> <\/h2>\n<p style=\"color: var(--tve-color, rgb(55, 135, 218));\"> <span data-shortcode=\"tcb_post_categories\" data-shortcode-name=\"List of categories\" data-extra_key=\"\" data-attr-link=\"0\" data-attr-target=\"0\" data-attr-rel=\"0\" data-option-inline=\"1\" style=\"\"><\/span> <\/p>\n<h2 style=\"\"> <span data-shortcode=\"tcb_post_title\" data-shortcode-name=\"Post title\" data-extra_key=\"\" data-attr-link=\"1\" data-attr-target=\"0\" data-attr-rel=\"0\" data-option-inline=\"1\" data-attr-static-link=\"{&quot;className&quot;:&quot;&quot;,&quot;href&quot;:&quot;#&quot;,&quot;title&quot;:&quot;Coaching&quot;,&quot;class&quot;:&quot;&quot;}\" data-attr-css=\"\"><a href=\"https:\/\/liank.no\/en\/coaching\/\" title=\"Coaching\" data-css=\"\">Coaching<\/a><\/span> <\/h2>\n<p style=\"color: var(--tve-color, rgb(55, 135, 218));\"> <span data-shortcode=\"tcb_post_categories\" data-shortcode-name=\"List of categories\" data-extra_key=\"\" data-attr-link=\"0\" data-attr-target=\"0\" data-attr-rel=\"0\" data-option-inline=\"1\" style=\"\"><\/span> <\/p>\n<h2 style=\"\"> <span data-shortcode=\"tcb_post_title\" data-shortcode-name=\"Post title\" data-extra_key=\"\" data-attr-link=\"1\" data-attr-target=\"0\" data-attr-rel=\"0\" data-option-inline=\"1\" data-attr-static-link=\"{&quot;className&quot;:&quot;&quot;,&quot;href&quot;:&quot;#&quot;,&quot;title&quot;:&quot;Coaching&quot;,&quot;class&quot;:&quot;&quot;}\" data-attr-css=\"\"><a href=\"https:\/\/liank.no\/en\/coaching\/\" title=\"Coaching\" data-css=\"\">Coaching<\/a><\/span> <\/h2>\n<h3 style=\"\"><strong>Er<span style=\"text-transform: lowercase !important;\">&nbsp;du klar for en forandring? <\/span><span style=\"text-transform: uppercase !important;\">T<\/span><span style=\"text-transform: lowercase !important;\">a tak i utfordringene og skap dr\u00f8mmelivet ditt gjennom veiledning fra&nbsp;<\/span><span style=\"text-transform: capitalize !important;\">L<\/span><span style=\"text-transform: lowercase !important;\">ian.&nbsp;<\/span><span style=\"text-transform: capitalize !important;\">B<\/span><span style=\"text-transform: lowercase !important;\">ook coaching time n\u00e5!<\/span><\/strong><\/h3>","protected":false},"excerpt":{"rendered":"<p>F\u00e5&nbsp;din personlige coach og veileder Gjennom coaching hjelper jeg deg til \u00e5 h\u00e5ndtere livet ditt p\u00e5 en god m\u00e5te. Hvordan kan jeg hjelpe deg? Jeg vil v\u00e6re din st\u00f8ttespiller og veilede deg der du trenger det enten det gjelder en utfordringer eller en dr\u00f8m. Dette gj\u00f8r vi over telefon eller videom\u00f8te. Som coach og veileder [&hellip;]<\/p>\n","protected":false},"author":1,"featured_media":0,"parent":0,"menu_order":0,"comment_status":"closed","ping_status":"closed","template":"","meta":{"footnotes":""},"class_list":["post-103445","page","type-page","status-publish","hentry","post-wrapper","thrv_wrapper"],"yoast_head":"<!-- This site is optimized with the Yoast SEO plugin v27.5 - https:\/\/yoast.com\/product\/yoast-seo-wordpress\/ -->\n<title>Coaching - LianK<\/title>\n<meta name=\"robots\" content=\"index, follow, max-snippet:-1, max-image-preview:large, max-video-preview:-1\" \/>\n<link rel=\"canonical\" href=\"https:\/\/liank.no\/en\/coaching\/\" \/>\n<meta property=\"og:locale\" content=\"en_GB\" \/>\n<meta property=\"og:type\" content=\"article\" \/>\n<meta property=\"og:title\" content=\"Coaching - LianK\" \/>\n<meta property=\"og:description\" content=\"F\u00e5&nbsp;din personlige coach og veileder Gjennom coaching hjelper jeg deg til \u00e5 h\u00e5ndtere livet ditt p\u00e5 en god m\u00e5te. Hvordan kan jeg hjelpe deg? Jeg vil v\u00e6re din st\u00f8ttespiller og veilede deg der du trenger det enten det gjelder en utfordringer eller en dr\u00f8m. Dette gj\u00f8r vi over telefon eller videom\u00f8te. Som coach og veileder [&hellip;]\" \/>\n<meta property=\"og:url\" content=\"https:\/\/liank.no\/en\/coaching\/\" \/>\n<meta property=\"og:site_name\" content=\"LianK\" \/>\n<meta property=\"article:modified_time\" content=\"2025-06-17T11:05:28+00:00\" \/>\n<meta property=\"og:image\" content=\"https:\/\/liank.no\/wp-content\/uploads\/2023\/08\/DWC08431.jpg\" \/>\n<meta name=\"twitter:card\" content=\"summary_large_image\" \/>\n<meta name=\"twitter:label1\" content=\"Estimated reading time\" \/>\n\t<meta name=\"twitter:data1\" content=\"7 minutes\" \/>\n<script type=\"application\/ld+json\" class=\"yoast-schema-graph\">{\"@context\":\"https:\\\/\\\/schema.org\",\"@graph\":[{\"@type\":\"WebPage\",\"@id\":\"https:\\\/\\\/liank.no\\\/coaching\\\/\",\"url\":\"https:\\\/\\\/liank.no\\\/coaching\\\/\",\"name\":\"Coaching - LianK\",\"isPartOf\":{\"@id\":\"https:\\\/\\\/www.milene.dittlivdinfremtid.no\\\/#website\"},\"primaryImageOfPage\":{\"@id\":\"https:\\\/\\\/liank.no\\\/coaching\\\/#primaryimage\"},\"image\":{\"@id\":\"https:\\\/\\\/liank.no\\\/coaching\\\/#primaryimage\"},\"thumbnailUrl\":\"https:\\\/\\\/liank.no\\\/wp-content\\\/uploads\\\/2023\\\/08\\\/DWC08431.jpg\",\"datePublished\":\"2023-07-05T12:48:04+00:00\",\"dateModified\":\"2025-06-17T11:05:28+00:00\",\"breadcrumb\":{\"@id\":\"https:\\\/\\\/liank.no\\\/coaching\\\/#breadcrumb\"},\"inLanguage\":\"en-GB\",\"potentialAction\":[{\"@type\":\"ReadAction\",\"target\":[\"https:\\\/\\\/liank.no\\\/coaching\\\/\"]}]},{\"@type\":\"ImageObject\",\"inLanguage\":\"en-GB\",\"@id\":\"https:\\\/\\\/liank.no\\\/coaching\\\/#primaryimage\",\"url\":\"https:\\\/\\\/liank.no\\\/wp-content\\\/uploads\\\/2023\\\/08\\\/DWC08431.jpg\",\"contentUrl\":\"https:\\\/\\\/liank.no\\\/wp-content\\\/uploads\\\/2023\\\/08\\\/DWC08431.jpg\"},{\"@type\":\"BreadcrumbList\",\"@id\":\"https:\\\/\\\/liank.no\\\/coaching\\\/#breadcrumb\",\"itemListElement\":[{\"@type\":\"ListItem\",\"position\":1,\"name\":\"Hjem\",\"item\":\"https:\\\/\\\/liank.no\\\/\"},{\"@type\":\"ListItem\",\"position\":2,\"name\":\"Coaching\"}]},{\"@type\":\"WebSite\",\"@id\":\"https:\\\/\\\/www.milene.dittlivdinfremtid.no\\\/#website\",\"url\":\"https:\\\/\\\/www.milene.dittlivdinfremtid.no\\\/\",\"name\":\"LianK\",\"description\":\"My WordPress Blog\",\"potentialAction\":[{\"@type\":\"SearchAction\",\"target\":{\"@type\":\"EntryPoint\",\"urlTemplate\":\"https:\\\/\\\/www.milene.dittlivdinfremtid.no\\\/?s={search_term_string}\"},\"query-input\":{\"@type\":\"PropertyValueSpecification\",\"valueRequired\":true,\"valueName\":\"search_term_string\"}}],\"inLanguage\":\"en-GB\"}]}<\/script>\n<!-- \/ Yoast SEO plugin. -->","yoast_head_json":{"title":"Coaching - LianK","robots":{"index":"index","follow":"follow","max-snippet":"max-snippet:-1","max-image-preview":"max-image-preview:large","max-video-preview":"max-video-preview:-1"},"canonical":"https:\/\/liank.no\/en\/coaching\/","og_locale":"en_GB","og_type":"article","og_title":"Coaching - LianK","og_description":"F\u00e5&nbsp;din personlige coach og veileder Gjennom coaching hjelper jeg deg til \u00e5 h\u00e5ndtere livet ditt p\u00e5 en god m\u00e5te. Hvordan kan jeg hjelpe deg? Jeg vil v\u00e6re din st\u00f8ttespiller og veilede deg der du trenger det enten det gjelder en utfordringer eller en dr\u00f8m. Dette gj\u00f8r vi over telefon eller videom\u00f8te. Som coach og veileder [&hellip;]","og_url":"https:\/\/liank.no\/en\/coaching\/","og_site_name":"LianK","article_modified_time":"2025-06-17T11:05:28+00:00","og_image":[{"url":"https:\/\/liank.no\/wp-content\/uploads\/2023\/08\/DWC08431.jpg","type":"","width":"","height":""}],"twitter_card":"summary_large_image","twitter_misc":{"Estimated reading time":"7 minutes"},"schema":{"@context":"https:\/\/schema.org","@graph":[{"@type":"WebPage","@id":"https:\/\/liank.no\/coaching\/","url":"https:\/\/liank.no\/coaching\/","name":"Coaching - LianK","isPartOf":{"@id":"https:\/\/www.milene.dittlivdinfremtid.no\/#website"},"primaryImageOfPage":{"@id":"https:\/\/liank.no\/coaching\/#primaryimage"},"image":{"@id":"https:\/\/liank.no\/coaching\/#primaryimage"},"thumbnailUrl":"https:\/\/liank.no\/wp-content\/uploads\/2023\/08\/DWC08431.jpg","datePublished":"2023-07-05T12:48:04+00:00","dateModified":"2025-06-17T11:05:28+00:00","breadcrumb":{"@id":"https:\/\/liank.no\/coaching\/#breadcrumb"},"inLanguage":"en-GB","potentialAction":[{"@type":"ReadAction","target":["https:\/\/liank.no\/coaching\/"]}]},{"@type":"ImageObject","inLanguage":"en-GB","@id":"https:\/\/liank.no\/coaching\/#primaryimage","url":"https:\/\/liank.no\/wp-content\/uploads\/2023\/08\/DWC08431.jpg","contentUrl":"https:\/\/liank.no\/wp-content\/uploads\/2023\/08\/DWC08431.jpg"},{"@type":"BreadcrumbList","@id":"https:\/\/liank.no\/coaching\/#breadcrumb","itemListElement":[{"@type":"ListItem","position":1,"name":"Hjem","item":"https:\/\/liank.no\/"},{"@type":"ListItem","position":2,"name":"Coaching"}]},{"@type":"WebSite","@id":"https:\/\/www.milene.dittlivdinfremtid.no\/#website","url":"https:\/\/www.milene.dittlivdinfremtid.no\/","name":"LianK","description":"My WordPress Blog","potentialAction":[{"@type":"SearchAction","target":{"@type":"EntryPoint","urlTemplate":"https:\/\/www.milene.dittlivdinfremtid.no\/?s={search_term_string}"},"query-input":{"@type":"PropertyValueSpecification","valueRequired":true,"valueName":"search_term_string"}}],"inLanguage":"en-GB"}]}},"_links":{"self":[{"href":"https:\/\/liank.no\/en\/wp-json\/wp\/v2\/pages\/103445","targetHints":{"allow":["GET"]}}],"collection":[{"href":"https:\/\/liank.no\/en\/wp-json\/wp\/v2\/pages"}],"about":[{"href":"https:\/\/liank.no\/en\/wp-json\/wp\/v2\/types\/page"}],"author":[{"embeddable":true,"href":"https:\/\/liank.no\/en\/wp-json\/wp\/v2\/users\/1"}],"replies":[{"embeddable":true,"href":"https:\/\/liank.no\/en\/wp-json\/wp\/v2\/comments?post=103445"}],"version-history":[{"count":247,"href":"https:\/\/liank.no\/en\/wp-json\/wp\/v2\/pages\/103445\/revisions"}],"predecessor-version":[{"id":104715,"href":"https:\/\/liank.no\/en\/wp-json\/wp\/v2\/pages\/103445\/revisions\/104715"}],"wp:attachment":[{"href":"https:\/\/liank.no\/en\/wp-json\/wp\/v2\/media?parent=103445"}],"curies":[{"name":"wp","href":"https:\/\/api.w.org\/{rel}","templated":true}]}}