{"id":103761,"date":"2023-08-13T07:26:48","date_gmt":"2023-08-13T07:26:48","guid":{"rendered":"https:\/\/www.milene.dittlivdinfremtid.no\/?page_id=103761"},"modified":"2024-01-04T11:57:21","modified_gmt":"2024-01-04T11:57:21","slug":"om-lian-2","status":"publish","type":"page","link":"https:\/\/liank.no\/en\/om-lian-2\/","title":{"rendered":"Om Lian"},"content":{"rendered":"<h3 style=\"\">OM MEG<\/h3>\n<h1>Hei, <span style=\"text-transform: lowercase !important;\">jeg er<\/span> Lian<\/h1>\n<p dir=\"ltr\" style=\"\">Jeg har en lidenskap for \u00e5 inspirere kvinner til \u00e5 finne seg selv og sin unike indre kraft. Hensikten min er \u00e5 inspirere dem til \u00e5 f\u00e5 en god balanse i livet og leve ut den de er. Gjennom coaching har jeg hjulpet og forvandlet livet til utrolig mange kvinner.&nbsp;<\/p>\n<p dir=\"ltr\" style=\"\">Jeg har en god og vid livserfaring fra et liv hvor jeg har f\u00e5tt oppleve mer enn de fleste. Et liv som har gitt meg mange gleder, utfordringer i fleng og vonde minner. Alt dette har gitt meg styrke og l\u00e6rt meg \u00e5 se muligheter. I tillegg har jeg l\u00e6rt \u00e5 gj\u00f8re det beste ut av livet slik det er, og fylle livet med mine \u00f8nsker og dr\u00f8mmer.<\/p>\n<p dir=\"ltr\">\n<h3 style=\"\">Fra <span style=\"text-transform: lowercase !important;\">dr\u00f8mmer til virkelighet<\/span>&nbsp;<\/h3>\n<p>I l\u00f8pet av \u00e5rene har jeg har levd et spennende liv hvor mange av mine dr\u00f8mmer har blitt virkelige, som blant annet har blitt til:<\/p>\n<ul>\n<li>Bok: N\u00e5r sunn mat gj\u00f8r deg syk &#8211; Histaminintoleranse<\/li>\n<li>Bok: Taletekster, 66 artikler av foredragsholdere&nbsp;<\/li>\n<li>Bok og lydbok: Sensitiv og Sterk&nbsp;<\/li>\n<li>Nettkurs: Sensitiv og Sterk<\/li>\n<li>Nedlastbart coaching-program p\u00e5 norsk og engelsk<\/li>\n<li>Deltatt i Internasjonale prosjekter og forskninger<\/li>\n<li>Holdt kurs og foredrag i inn- og utland<\/li>\n<\/ul>\n<h2 style=\"text-align: center;\">min <span style=\"text-transform: lowercase !important;\">historie <\/span><\/h2>\n<p dir=\"ltr\" style=\"\">Jeg er en av pionerne p\u00e5 tema h\u00f8ysensitivitet i Norge, og er sertifisert i Psychotherapy with HSPs program med dr. Elaine Aron og HSP for Mental Health Professionals, AADP, USA. Jeg har utdannelsen i orden, og er ICF og DNCF Coach, Helsecoach og Sensor, og er godkjent Coach for h\u00f8ysensitive av dr. Elaine Aron. Jeg er med i ICHS \u2013 International Consultants of High Sensitivity, en internasjonal gruppe med fagfolk og kolleger av Dr. Elaine Aron, USA.<\/p>\n<p dir=\"ltr\" style=\"\">H\u00f8sten 2021 ble jeg headhuntet inn i prosjektet Pro-motion, som spesialist p\u00e5 tema h\u00f8ysensitivitet. Pro-motion er et Europeisk samarbeidsprosjekt utviklet av forskere og fagfolk. Samarbeidsprosjektet handler om karrieren til h\u00f8ysensitive, og har som m\u00e5l \u00e5 st\u00f8tte studenter og h\u00f8ysensitive i arbeidslivet. Dette er et prosjekt som g\u00e5r over flere \u00e5r.<\/p>\n<p dir=\"ltr\" style=\"\">For f\u00e5 \u00e5r siden var jeg ansvarlig for den norske delen av en Internasjonal unders\u00f8kelse som handlet om H\u00f8ysensitiv, Arbeidsliv og Stress. I 2018 var med \u00e5 starte opp og er leder av organisasjonen H\u00f8ysensitiv Norge. Tidligere har jeg jobbet i samarbeid med NAV Arbeid med fokus p\u00e5 motivasjon, jobb og ny karri\u00e8re, samt med avlastning av barn gjennom Bufetat. Jeg har jobbet som l\u00e6rer, v\u00e6rt leder for sm\u00e5 og store grupper, og hun har ledet ulike prosjekter.<\/p>\n<p dir=\"ltr\" style=\"\">I 2013 ga jeg ut boken \u00abSensitiv og Sterk\u00bb, som ble fulgt opp med et nettkurs om h\u00f8ysensitivitet, og n\u00e5 kommer boken \u00abSensitiv og Sterk\u00bb som lydbok. Tidligere har jeg gitt ut en Coaching-lydbok p\u00e5 norsk og engelsk. Til daglig jobber jeg som coach, veileder og holder foredrag og kurs i inn-og utland.&nbsp;<\/p>\n<h2>Her <span style=\"text-transform: lowercase !important;\">ser du noen av mine sertifiseringer: <\/span><\/h2>\n<p style=\"text-align: left;\">DNCF Sensor<\/p>\n<p style=\"text-align: left;\">ICF Coach<\/p>\n<p style=\"text-align: left;\">DNCF Coach<\/p>\n<p style=\"text-align: left;\">DNCF Helsecoach<\/p>\n<p style=\"text-align: left;\">Psychotherapy with HSPs program with dr. Elaine Aron, USA<\/p>\n<p style=\"text-align: left;\">ICHS International consultants on High Sensitivity<\/p>\n<p style=\"text-align: left;\">HSP for Mental Health Professionals, AADP, USA<\/p>\n<p style=\"text-align: left;\">PREP Kursleder \u2013 Samlivssenteret Modum Bad<\/p>\n<p style=\"text-align: left;\">NLP Master Practitioner<\/p>\n<p style=\"text-align: left;\">NLP Life Coach<\/p>\n<p><span style=\"\"><img decoding=\"async\" alt=\"\" data-id=\"103659\" width=\"801\" data-init-width=\"682\" height=\"1203\" data-init-height=\"1024\" title=\"Lian 2020 Allers\" src=\"https:\/\/liank.no\/wp-content\/uploads\/2023\/08\/Lian-2020-Allers.jpg\" data-width=\"801\" data-height=\"1203\" style=\"aspect-ratio: auto 682 \/ 1024;\" mt-d=\"-72.17000000000007\" ml-d=\"0\" mt-m=\"0\" ml-m=\"0\" loading=\"lazy\"><\/span><\/p>\n<h2>Er <span style=\"text-transform: lowercase !important;\">du klar For \u00e5 ta neste steg?<\/span><\/h2>\n<p>Alle har faser i livet hvor du kan trenge veiledning og en st\u00f8ttespiller. Det er godt \u00e5 ha en coach med b\u00e5de kompetanse og lang erfaring. Som coach er jeg din supporter og veileder der du trenger det.<\/p>","protected":false},"excerpt":{"rendered":"<p>OM MEG Hei, jeg er Lian Jeg har en lidenskap for \u00e5 inspirere kvinner til \u00e5 finne seg selv og sin unike indre kraft. Hensikten min er \u00e5 inspirere dem til \u00e5 f\u00e5 en god balanse i livet og leve ut den de er. Gjennom coaching har jeg hjulpet og forvandlet livet til utrolig mange [&hellip;]<\/p>\n","protected":false},"author":1,"featured_media":0,"parent":0,"menu_order":0,"comment_status":"closed","ping_status":"closed","template":"","meta":{"footnotes":""},"class_list":["post-103761","page","type-page","status-publish","hentry","post-wrapper","thrv_wrapper"],"yoast_head":"<!-- This site is optimized with the Yoast SEO plugin v27.5 - https:\/\/yoast.com\/product\/yoast-seo-wordpress\/ -->\n<title>Om Lian - LianK<\/title>\n<meta name=\"robots\" content=\"index, follow, max-snippet:-1, max-image-preview:large, max-video-preview:-1\" \/>\n<link rel=\"canonical\" href=\"https:\/\/liank.no\/en\/om-lian-2\/\" \/>\n<meta property=\"og:locale\" content=\"en_GB\" \/>\n<meta property=\"og:type\" content=\"article\" \/>\n<meta property=\"og:title\" content=\"Om Lian - LianK\" \/>\n<meta property=\"og:description\" content=\"OM MEG Hei, jeg er Lian Jeg har en lidenskap for \u00e5 inspirere kvinner til \u00e5 finne seg selv og sin unike indre kraft. Hensikten min er \u00e5 inspirere dem til \u00e5 f\u00e5 en god balanse i livet og leve ut den de er. Gjennom coaching har jeg hjulpet og forvandlet livet til utrolig mange [&hellip;]\" \/>\n<meta property=\"og:url\" content=\"https:\/\/liank.no\/en\/om-lian-2\/\" \/>\n<meta property=\"og:site_name\" content=\"LianK\" \/>\n<meta property=\"article:modified_time\" content=\"2024-01-04T11:57:21+00:00\" \/>\n<meta property=\"og:image\" content=\"https:\/\/liank.no\/wp-content\/uploads\/2023\/08\/Lian-2020-Allers.jpg\" \/>\n<meta name=\"twitter:card\" content=\"summary_large_image\" \/>\n<script type=\"application\/ld+json\" class=\"yoast-schema-graph\">{\"@context\":\"https:\\\/\\\/schema.org\",\"@graph\":[{\"@type\":\"WebPage\",\"@id\":\"https:\\\/\\\/liank.no\\\/om-lian-2\\\/\",\"url\":\"https:\\\/\\\/liank.no\\\/om-lian-2\\\/\",\"name\":\"Om Lian - LianK\",\"isPartOf\":{\"@id\":\"https:\\\/\\\/www.milene.dittlivdinfremtid.no\\\/#website\"},\"primaryImageOfPage\":{\"@id\":\"https:\\\/\\\/liank.no\\\/om-lian-2\\\/#primaryimage\"},\"image\":{\"@id\":\"https:\\\/\\\/liank.no\\\/om-lian-2\\\/#primaryimage\"},\"thumbnailUrl\":\"https:\\\/\\\/liank.no\\\/wp-content\\\/uploads\\\/2023\\\/08\\\/Lian-2020-Allers.jpg\",\"datePublished\":\"2023-08-13T07:26:48+00:00\",\"dateModified\":\"2024-01-04T11:57:21+00:00\",\"breadcrumb\":{\"@id\":\"https:\\\/\\\/liank.no\\\/om-lian-2\\\/#breadcrumb\"},\"inLanguage\":\"en-GB\",\"potentialAction\":[{\"@type\":\"ReadAction\",\"target\":[\"https:\\\/\\\/liank.no\\\/om-lian-2\\\/\"]}]},{\"@type\":\"ImageObject\",\"inLanguage\":\"en-GB\",\"@id\":\"https:\\\/\\\/liank.no\\\/om-lian-2\\\/#primaryimage\",\"url\":\"https:\\\/\\\/liank.no\\\/wp-content\\\/uploads\\\/2023\\\/08\\\/Lian-2020-Allers.jpg\",\"contentUrl\":\"https:\\\/\\\/liank.no\\\/wp-content\\\/uploads\\\/2023\\\/08\\\/Lian-2020-Allers.jpg\"},{\"@type\":\"BreadcrumbList\",\"@id\":\"https:\\\/\\\/liank.no\\\/om-lian-2\\\/#breadcrumb\",\"itemListElement\":[{\"@type\":\"ListItem\",\"position\":1,\"name\":\"Hjem\",\"item\":\"https:\\\/\\\/liank.no\\\/\"},{\"@type\":\"ListItem\",\"position\":2,\"name\":\"Om Lian\"}]},{\"@type\":\"WebSite\",\"@id\":\"https:\\\/\\\/www.milene.dittlivdinfremtid.no\\\/#website\",\"url\":\"https:\\\/\\\/www.milene.dittlivdinfremtid.no\\\/\",\"name\":\"LianK\",\"description\":\"My WordPress Blog\",\"potentialAction\":[{\"@type\":\"SearchAction\",\"target\":{\"@type\":\"EntryPoint\",\"urlTemplate\":\"https:\\\/\\\/www.milene.dittlivdinfremtid.no\\\/?s={search_term_string}\"},\"query-input\":{\"@type\":\"PropertyValueSpecification\",\"valueRequired\":true,\"valueName\":\"search_term_string\"}}],\"inLanguage\":\"en-GB\"}]}<\/script>\n<!-- \/ Yoast SEO plugin. -->","yoast_head_json":{"title":"Om Lian - LianK","robots":{"index":"index","follow":"follow","max-snippet":"max-snippet:-1","max-image-preview":"max-image-preview:large","max-video-preview":"max-video-preview:-1"},"canonical":"https:\/\/liank.no\/en\/om-lian-2\/","og_locale":"en_GB","og_type":"article","og_title":"Om Lian - LianK","og_description":"OM MEG Hei, jeg er Lian Jeg har en lidenskap for \u00e5 inspirere kvinner til \u00e5 finne seg selv og sin unike indre kraft. Hensikten min er \u00e5 inspirere dem til \u00e5 f\u00e5 en god balanse i livet og leve ut den de er. Gjennom coaching har jeg hjulpet og forvandlet livet til utrolig mange [&hellip;]","og_url":"https:\/\/liank.no\/en\/om-lian-2\/","og_site_name":"LianK","article_modified_time":"2024-01-04T11:57:21+00:00","og_image":[{"url":"https:\/\/liank.no\/wp-content\/uploads\/2023\/08\/Lian-2020-Allers.jpg","type":"","width":"","height":""}],"twitter_card":"summary_large_image","schema":{"@context":"https:\/\/schema.org","@graph":[{"@type":"WebPage","@id":"https:\/\/liank.no\/om-lian-2\/","url":"https:\/\/liank.no\/om-lian-2\/","name":"Om Lian - LianK","isPartOf":{"@id":"https:\/\/www.milene.dittlivdinfremtid.no\/#website"},"primaryImageOfPage":{"@id":"https:\/\/liank.no\/om-lian-2\/#primaryimage"},"image":{"@id":"https:\/\/liank.no\/om-lian-2\/#primaryimage"},"thumbnailUrl":"https:\/\/liank.no\/wp-content\/uploads\/2023\/08\/Lian-2020-Allers.jpg","datePublished":"2023-08-13T07:26:48+00:00","dateModified":"2024-01-04T11:57:21+00:00","breadcrumb":{"@id":"https:\/\/liank.no\/om-lian-2\/#breadcrumb"},"inLanguage":"en-GB","potentialAction":[{"@type":"ReadAction","target":["https:\/\/liank.no\/om-lian-2\/"]}]},{"@type":"ImageObject","inLanguage":"en-GB","@id":"https:\/\/liank.no\/om-lian-2\/#primaryimage","url":"https:\/\/liank.no\/wp-content\/uploads\/2023\/08\/Lian-2020-Allers.jpg","contentUrl":"https:\/\/liank.no\/wp-content\/uploads\/2023\/08\/Lian-2020-Allers.jpg"},{"@type":"BreadcrumbList","@id":"https:\/\/liank.no\/om-lian-2\/#breadcrumb","itemListElement":[{"@type":"ListItem","position":1,"name":"Hjem","item":"https:\/\/liank.no\/"},{"@type":"ListItem","position":2,"name":"Om Lian"}]},{"@type":"WebSite","@id":"https:\/\/www.milene.dittlivdinfremtid.no\/#website","url":"https:\/\/www.milene.dittlivdinfremtid.no\/","name":"LianK","description":"My WordPress Blog","potentialAction":[{"@type":"SearchAction","target":{"@type":"EntryPoint","urlTemplate":"https:\/\/www.milene.dittlivdinfremtid.no\/?s={search_term_string}"},"query-input":{"@type":"PropertyValueSpecification","valueRequired":true,"valueName":"search_term_string"}}],"inLanguage":"en-GB"}]}},"_links":{"self":[{"href":"https:\/\/liank.no\/en\/wp-json\/wp\/v2\/pages\/103761","targetHints":{"allow":["GET"]}}],"collection":[{"href":"https:\/\/liank.no\/en\/wp-json\/wp\/v2\/pages"}],"about":[{"href":"https:\/\/liank.no\/en\/wp-json\/wp\/v2\/types\/page"}],"author":[{"embeddable":true,"href":"https:\/\/liank.no\/en\/wp-json\/wp\/v2\/users\/1"}],"replies":[{"embeddable":true,"href":"https:\/\/liank.no\/en\/wp-json\/wp\/v2\/comments?post=103761"}],"version-history":[{"count":67,"href":"https:\/\/liank.no\/en\/wp-json\/wp\/v2\/pages\/103761\/revisions"}],"predecessor-version":[{"id":104593,"href":"https:\/\/liank.no\/en\/wp-json\/wp\/v2\/pages\/103761\/revisions\/104593"}],"wp:attachment":[{"href":"https:\/\/liank.no\/en\/wp-json\/wp\/v2\/media?parent=103761"}],"curies":[{"name":"wp","href":"https:\/\/api.w.org\/{rel}","templated":true}]}}