{"id":103805,"date":"2023-08-13T09:03:42","date_gmt":"2023-08-13T09:03:42","guid":{"rendered":"https:\/\/www.milene.dittlivdinfremtid.no\/?page_id=103805"},"modified":"2023-09-27T00:37:39","modified_gmt":"2023-09-27T00:37:39","slug":"media-og-referanser","status":"publish","type":"page","link":"https:\/\/liank.no\/en\/media-og-referanser\/","title":{"rendered":"Referanser"},"content":{"rendered":"<p style=\"\">hva kundene sier om Lian:<\/p>\n<h1 style=\"\">Referanser&nbsp;<\/h1>\n<p dir=\"ltr\">Lian, thank you so much for all you have done for the Norwegian HSP, Highly Sensitive Persons.<em>&#8211; Dr. Elaine N. Aron, USA, Forsker, psykolog, og forfatter<\/em><\/p>\n<p dir=\"ltr\">For people who want to make new positive changes in their lives, Lian&#8217;s coaching program is very beneficial.<em>&#8211; Dr. Ted Zeff, USA, Psykolog og forfatter<\/em><\/p>\n<p dir=\"ltr\">Den Norske CoachForening (DNCF) er stolt av v\u00e5rt medlem Lian Kirks\u00e6ther, som er en av Norges fremste eksperter p\u00e5 h\u00f8ysensitivitet.<em>&#8211; Erica Grunnevoll<\/em><\/p>\n<p dir=\"ltr\">Jeg var utbrenthet, og hadde en vanskelig periode. Jeg tok kontakt med Lian etter at jeg hadde lest om Lian p\u00e5 den amerikanske nettsiden til dr. Elaine Aron. Lian ble min st\u00f8tte og veileder i denne tiden hvor jeg endret livstilen min. Lian hjalp meg hjalp \u00e5 endre p\u00e5 gamle vaner og lage nye. Dette hjelper meg i dag til \u00e5 beholde en stabil energibalanse. Tusen takk, Lian!<em>&#8211; Rosa, forsker<\/em><\/p>\n<p dir=\"ltr\">Lian er utrolig flink til \u00e5 lytte og gi konstruktiv veiledning. I dag organiserer jeg hverdagen bedre. Setter n\u00f8dvendige grenser. Har fokus p\u00e5 her og n\u00e5 situasjonen, m\u00f8ter frykten og g\u00e5r forbi den. Jeg har akseptert min skjebne og tenker at min livserfaring, er det jeg trengte for \u00e5 vokse som menneske. Du har gitt meg mot og styrke til \u00e5 t\u00f8rre \u00e5 v\u00e5ge. Evig takknemlig.<em>&#8211; Anita<\/em><\/p>\n<p dir=\"ltr\">Det er alltid godt \u00e5 snakke med deg, du er s\u00e5 aksepterende s\u00e5 det er greit \u00e5 v\u00e6re meg uansett. Minner meg p\u00e5 alle mine verdier og hva jeg er god p\u00e5. Stiller de rette sp\u00f8rsm\u00e5lene og refleksjonene, samt f\u00e5r meg til \u00e5 holde rett fokus som er godt for meg. Jeg er veldig glad for at jeg har samtalene med deg, f\u00f8ler meg virkelig i trygge hender for \u00e5 f\u00e5 hjelp til \u00e5 l\u00f8se store og sm\u00e5 \u00abverdensproblemer\u00bb.<em>&#8211; Leder i Fylkeskommune<\/em><\/p>\n<p dir=\"ltr\">Lian hjalp meg til \u00e5 endre livet mitt og gi meg h\u00e5p! Har bestandig trodd at det var noe galt med meg, men n\u00e5 ser jeg sammenhenger jeg ikke s\u00e5 f\u00f8r. Det har v\u00e6rt b\u00e5de l\u00e6rerikt og godt for meg, og jeg l\u00e6rte mye om sensitivitet og alle gode sider ved den.<em>&#8211; Randi<\/em><\/p>\n<p dir=\"ltr\">Jeg har v\u00e6rt leder i Statens vegvesen i en rekke \u00e5r, og senere seksjonsleder i Vegdirektoratet. Jeg har benyttet meg av telefoncoaching med Lian Kirks\u00e6ther. Jeg var i utgangspunktet skeptisk til coaching p\u00e5 telefon, men etter \u00e5 ha pr\u00f8vet kan jeg p\u00e5 det varmeste anbefale metoden.<em>&#8211; Leder i Statens Vegvesen<\/em><\/p>\n<p dir=\"ltr\">I en travel jobbhverdag opplevde jeg telefoncoaching som et nyttig bidrag til videre utvikling. Det var en effektiv l\u00f8sning for meg, som leder i Telenor.<em>&#8211; Leder i Telenor<\/em><\/p>\n<p dir=\"ltr\">Lian er positiv og engasjert person med sv\u00e6rt gode evner til \u00e5 kommunisere med mennesker, og hun er dyktig til \u00e5 stille relevante sp\u00f8rsm\u00e5l.<em>&#8211; Linda<\/em><\/p>\n<p dir=\"ltr\">\u00c5 bli coachet p\u00e5 telefon var utrolig nyttig for meg i prosessen med \u00e5 starte eget firma. N\u00e5 er dr\u00f8mmen blitt en realitet. Jeg anbefaler andre \u00e5 bruke Coaching over telefon.<em>&#8211; Anne<\/em><\/p>\n<p dir=\"ltr\">Telefoncoaching gir rom for st\u00f8rre \u00e5penhet og gj\u00f8r det lettere \u00e5 f\u00e5 kontakt med egne f\u00f8lelser. G\u00e5 til bunns og du kan n\u00e5 verden h\u00f8yere! Lian er for meg en dyktig coacher, og gjennom telefoncoaching n\u00e5r man hverandre enklere.<em>&#8211; Heidi<\/em><\/p>\n<p dir=\"ltr\">Jeg kunne mye om temaet da jeg kom p\u00e5 kurset til Lian. Allikevel ga det meg mye siden undervisningen var aktuell, reflektert og inspirerende.<em>&#8211; &laquo;Janne&raquo;<\/em><\/p>\n<p dir=\"ltr\">\u00c5 bruke telefon istedenfor personlig m\u00f8te gj\u00f8r det enklere \u00e5 finne tid &laquo;innimellom&raquo;.<em>&#8211; &laquo;Vilde&raquo;<\/em><\/p>\n<p dir=\"ltr\">Det har v\u00e6rt b\u00e5de l\u00e6rerikt og godt for meg, og vi har hatt mye moro. . . Jeg l\u00e6rte mye om sensitivitet og alle gode sider ved den.<em>&#8211; &laquo;Maria&raquo;<\/em><\/p>","protected":false},"excerpt":{"rendered":"<p>hva kundene sier om Lian: Referanser&nbsp; Lian, thank you so much for all you have done for the Norwegian HSP, Highly Sensitive Persons.&#8211; Dr. Elaine N. Aron, USA, Forsker, psykolog, og forfatter For people who want to make new positive changes in their lives, Lian&#8217;s coaching program is very beneficial.&#8211; Dr. Ted Zeff, USA, Psykolog [&hellip;]<\/p>\n","protected":false},"author":1,"featured_media":0,"parent":0,"menu_order":0,"comment_status":"closed","ping_status":"closed","template":"","meta":{"footnotes":""},"class_list":["post-103805","page","type-page","status-publish","hentry","post-wrapper","thrv_wrapper"],"yoast_head":"<!-- This site is optimized with the Yoast SEO plugin v27.5 - https:\/\/yoast.com\/product\/yoast-seo-wordpress\/ -->\n<title>Referanser - LianK<\/title>\n<meta name=\"robots\" content=\"index, follow, max-snippet:-1, max-image-preview:large, max-video-preview:-1\" \/>\n<link rel=\"canonical\" href=\"https:\/\/liank.no\/en\/media-og-referanser\/\" \/>\n<meta property=\"og:locale\" content=\"en_GB\" \/>\n<meta property=\"og:type\" content=\"article\" \/>\n<meta property=\"og:title\" content=\"Referanser - LianK\" \/>\n<meta property=\"og:description\" content=\"hva kundene sier om Lian: Referanser&nbsp; Lian, thank you so much for all you have done for the Norwegian HSP, Highly Sensitive Persons.&#8211; Dr. Elaine N. Aron, USA, Forsker, psykolog, og forfatter For people who want to make new positive changes in their lives, Lian&#8217;s coaching program is very beneficial.&#8211; Dr. Ted Zeff, USA, Psykolog [&hellip;]\" \/>\n<meta property=\"og:url\" content=\"https:\/\/liank.no\/en\/media-og-referanser\/\" \/>\n<meta property=\"og:site_name\" content=\"LianK\" \/>\n<meta property=\"article:modified_time\" content=\"2023-09-27T00:37:39+00:00\" \/>\n<meta name=\"twitter:card\" content=\"summary_large_image\" \/>\n<script type=\"application\/ld+json\" class=\"yoast-schema-graph\">{\"@context\":\"https:\\\/\\\/schema.org\",\"@graph\":[{\"@type\":\"WebPage\",\"@id\":\"https:\\\/\\\/liank.no\\\/media-og-referanser\\\/\",\"url\":\"https:\\\/\\\/liank.no\\\/media-og-referanser\\\/\",\"name\":\"Referanser - LianK\",\"isPartOf\":{\"@id\":\"https:\\\/\\\/www.milene.dittlivdinfremtid.no\\\/#website\"},\"datePublished\":\"2023-08-13T09:03:42+00:00\",\"dateModified\":\"2023-09-27T00:37:39+00:00\",\"breadcrumb\":{\"@id\":\"https:\\\/\\\/liank.no\\\/media-og-referanser\\\/#breadcrumb\"},\"inLanguage\":\"en-GB\",\"potentialAction\":[{\"@type\":\"ReadAction\",\"target\":[\"https:\\\/\\\/liank.no\\\/media-og-referanser\\\/\"]}]},{\"@type\":\"BreadcrumbList\",\"@id\":\"https:\\\/\\\/liank.no\\\/media-og-referanser\\\/#breadcrumb\",\"itemListElement\":[{\"@type\":\"ListItem\",\"position\":1,\"name\":\"Hjem\",\"item\":\"https:\\\/\\\/liank.no\\\/\"},{\"@type\":\"ListItem\",\"position\":2,\"name\":\"Referanser\"}]},{\"@type\":\"WebSite\",\"@id\":\"https:\\\/\\\/www.milene.dittlivdinfremtid.no\\\/#website\",\"url\":\"https:\\\/\\\/www.milene.dittlivdinfremtid.no\\\/\",\"name\":\"LianK\",\"description\":\"My WordPress Blog\",\"potentialAction\":[{\"@type\":\"SearchAction\",\"target\":{\"@type\":\"EntryPoint\",\"urlTemplate\":\"https:\\\/\\\/www.milene.dittlivdinfremtid.no\\\/?s={search_term_string}\"},\"query-input\":{\"@type\":\"PropertyValueSpecification\",\"valueRequired\":true,\"valueName\":\"search_term_string\"}}],\"inLanguage\":\"en-GB\"}]}<\/script>\n<!-- \/ Yoast SEO plugin. -->","yoast_head_json":{"title":"Referanser - LianK","robots":{"index":"index","follow":"follow","max-snippet":"max-snippet:-1","max-image-preview":"max-image-preview:large","max-video-preview":"max-video-preview:-1"},"canonical":"https:\/\/liank.no\/en\/media-og-referanser\/","og_locale":"en_GB","og_type":"article","og_title":"Referanser - LianK","og_description":"hva kundene sier om Lian: Referanser&nbsp; Lian, thank you so much for all you have done for the Norwegian HSP, Highly Sensitive Persons.&#8211; Dr. Elaine N. Aron, USA, Forsker, psykolog, og forfatter For people who want to make new positive changes in their lives, Lian&#8217;s coaching program is very beneficial.&#8211; Dr. Ted Zeff, USA, Psykolog [&hellip;]","og_url":"https:\/\/liank.no\/en\/media-og-referanser\/","og_site_name":"LianK","article_modified_time":"2023-09-27T00:37:39+00:00","twitter_card":"summary_large_image","schema":{"@context":"https:\/\/schema.org","@graph":[{"@type":"WebPage","@id":"https:\/\/liank.no\/media-og-referanser\/","url":"https:\/\/liank.no\/media-og-referanser\/","name":"Referanser - LianK","isPartOf":{"@id":"https:\/\/www.milene.dittlivdinfremtid.no\/#website"},"datePublished":"2023-08-13T09:03:42+00:00","dateModified":"2023-09-27T00:37:39+00:00","breadcrumb":{"@id":"https:\/\/liank.no\/media-og-referanser\/#breadcrumb"},"inLanguage":"en-GB","potentialAction":[{"@type":"ReadAction","target":["https:\/\/liank.no\/media-og-referanser\/"]}]},{"@type":"BreadcrumbList","@id":"https:\/\/liank.no\/media-og-referanser\/#breadcrumb","itemListElement":[{"@type":"ListItem","position":1,"name":"Hjem","item":"https:\/\/liank.no\/"},{"@type":"ListItem","position":2,"name":"Referanser"}]},{"@type":"WebSite","@id":"https:\/\/www.milene.dittlivdinfremtid.no\/#website","url":"https:\/\/www.milene.dittlivdinfremtid.no\/","name":"LianK","description":"My WordPress Blog","potentialAction":[{"@type":"SearchAction","target":{"@type":"EntryPoint","urlTemplate":"https:\/\/www.milene.dittlivdinfremtid.no\/?s={search_term_string}"},"query-input":{"@type":"PropertyValueSpecification","valueRequired":true,"valueName":"search_term_string"}}],"inLanguage":"en-GB"}]}},"_links":{"self":[{"href":"https:\/\/liank.no\/en\/wp-json\/wp\/v2\/pages\/103805","targetHints":{"allow":["GET"]}}],"collection":[{"href":"https:\/\/liank.no\/en\/wp-json\/wp\/v2\/pages"}],"about":[{"href":"https:\/\/liank.no\/en\/wp-json\/wp\/v2\/types\/page"}],"author":[{"embeddable":true,"href":"https:\/\/liank.no\/en\/wp-json\/wp\/v2\/users\/1"}],"replies":[{"embeddable":true,"href":"https:\/\/liank.no\/en\/wp-json\/wp\/v2\/comments?post=103805"}],"version-history":[{"count":16,"href":"https:\/\/liank.no\/en\/wp-json\/wp\/v2\/pages\/103805\/revisions"}],"predecessor-version":[{"id":104553,"href":"https:\/\/liank.no\/en\/wp-json\/wp\/v2\/pages\/103805\/revisions\/104553"}],"wp:attachment":[{"href":"https:\/\/liank.no\/en\/wp-json\/wp\/v2\/media?parent=103805"}],"curies":[{"name":"wp","href":"https:\/\/api.w.org\/{rel}","templated":true}]}}