{"id":103810,"date":"2023-08-13T09:05:25","date_gmt":"2023-08-13T09:05:25","guid":{"rendered":"https:\/\/www.milene.dittlivdinfremtid.no\/?page_id=103810"},"modified":"2023-09-02T07:35:35","modified_gmt":"2023-09-02T07:35:35","slug":"lian-i-media","status":"publish","type":"page","link":"https:\/\/liank.no\/en\/lian-i-media\/","title":{"rendered":"Lian i media"},"content":{"rendered":"<p style=\"\">mer om<\/p>\n<h1 style=\"\">lian <span style=\"text-transform: lowercase !important;\">i media <\/span><\/h1>\n<p dir=\"ltr\">B\u00f8ker \u2013 Lydb\u00f8ker<\/p>\n<p dir=\"ltr\">2023 N\u00e5r sunn mat gj\u00f8r deg syk &#8211; Histaminintoleranse, bok<\/p>\n<p dir=\"ltr\">2020 Taletekster, 66 artikler av foredragsholdere &#8211; Hvorfor la en god ide forsvinne, bok<\/p>\n<p dir=\"ltr\">2022 Sensitiv og Sterk &#8211; Lydbok<\/p>\n<p dir=\"ltr\">2015 Nettkurset &#8211; Sensitiv og Sterk<\/p>\n<p dir=\"ltr\">2013 Sensitiv og Sterk! La det bli din styrke &#8211; Bok<\/p>\n<p dir=\"ltr\">2012 Coaching-lydbok &#8211; Norsk og engelsk versjon, 2. opplag<\/p>\n<p dir=\"ltr\">\n<p dir=\"ltr\"><strong>Diverse<\/strong><\/p>\n<p dir=\"ltr\">Allers nr 49, 2022 Lian har jaktet p\u00e5 svar hele livet<\/p>\n<p dir=\"ltr\">Omhelse.no, 2022&nbsp; Histaminintoleranse \u2013 allergilignende symptomer<\/p>\n<p dir=\"ltr\">Omhelse.no 19\/01\/2022 Hva vil det si \u00e5 v\u00e6re h\u00f8ysensitiv?<\/p>\n<p dir=\"ltr\">Mystikk 15\/11\/2021 H\u00f8ysensitivitet: En overbelastet hjerne har lite \u00e5 gi<\/p>\n<p dir=\"ltr\">Allers 20\/11\/2020 \u00abMin m\u00e5te \u00e5 overleve p\u00e5 var \u00e5 gj\u00f8re det som ble forventet av meg\u00bb<\/p>\n<p dir=\"ltr\">Harmoni 30\/09\/2019 H\u00f8ysensitivitet: En overbelastet hjerne har lite \u00e5 gi<\/p>\n<p dir=\"ltr\">Ledernytt 15\/01\/2019 Talentfulle arbeidstakere blir utbrente<\/p>\n<p dir=\"ltr\">Ledernytt 27\/10\/2015 Intuisjon \u2013 En del av ditt intellekt<\/p>\n<p dir=\"ltr\">NRK radio 15\/09\/2015 Vi snakker om h\u00f8ysensitivitet<\/p>\n<p dir=\"ltr\">Ledernytt 06\/07\/2015 Sats p\u00e5 de sensitive<\/p>\n<p dir=\"ltr\">Eikerbladet 08\/10\/2014 Lar sensitiviteten bli en styrke<\/p>\n<p dir=\"ltr\">Bedre Helse 31\/08\/2014 Glad for \u00e5 v\u00e6re h\u00f8ysensitiv<\/p>\n<p dir=\"ltr\">Allers 05\/08\/2014 Endelig kan jeg v\u00e6re meg selv<\/p>\n<p dir=\"ltr\">Mindfit 29\/07\/2014 L\u00e6r deg \u00e5 takle livet som sensitiv!<\/p>\n<p dir=\"ltr\">Idemagasinet.no 10\/06\/2014 Sensitiv og Sterk!<\/p>\n<p dir=\"ltr\">NRK 04\/11\/2013 H\u00f8r intervjuet om boken og det \u00e5 v\u00e6re h\u00f8ysensitiv<\/p>\n<p dir=\"ltr\">TV2 28\/10\/2013 TV2 \u2013 God Morgen Norge \u2013 Se intervjuet om h\u00f8ysensitive<\/p>\n<p dir=\"ltr\">Dagbladet 26\/10\/2013 Om h\u00f8ysensitivitet, og det \u00e5 v\u00e6re h\u00f8ysensitiv<\/p>\n<p dir=\"ltr\">NRK radio 23\/10\/13 H\u00f8ysensitiv, en styrke<\/p>\n<p dir=\"ltr\">Klikk.no 27\/09\/2013 Ti tegn p\u00e5 at du er h\u00f8ysensitiv<\/p>\n<p dir=\"ltr\">Sunnm\u00f8rsposten 26\/11\/2013 Arbeidslivet satser p\u00e5 Idealmennesker<\/p>\n<p dir=\"ltr\">Ledernytt 20\/04\/2013 Et arbeidsliv med rom for alle<\/p>\n<p dir=\"ltr\">Amtstidene 05\/09\/2012 Lian hjelper sensitive i m\u00f8te med arbeidslivet<\/p>\n<p dir=\"ltr\">\u00d8stlandets 26\/08\/2011 Kurser kropp og sinn p\u00e5 arbeidsplasser<\/p>\n<p dir=\"ltr\">Askeravisen 31\/08\/2010 Coacher over telefon<\/p>\n<p dir=\"ltr\">Hjemmet 09\/11\/2009 F\u00e5 gode r\u00e5d over telefon<\/p>\n<p dir=\"ltr\">KK 24\/06\/2009 Se bra ut p\u00e5 stranda<\/p>\n<p dir=\"ltr\">Eva 31\/03\/2009 Coach p\u00e5 \u00f8ret<\/p>\n<p dir=\"ltr\">Heaven on Earth 14\/01\/2009 Norges f\u00f8rste Coaching CD<\/p>\n<p dir=\"ltr\">Norsk Ukeblad 12\/01\/2009 Coaching p\u00e5 CD<\/p>\n<p dir=\"ltr\">Flair Business 31\/12\/2008 Coacher p\u00e5 telefonen<\/p>\n<p dir=\"ltr\">Eiker Avis 12\/11\/2008 Norges f\u00f8rste coaching CD<\/p>\n<p dir=\"ltr\">Amtstidende&nbsp; 11\/11\/2008 Slipper coaching CD<\/p>\n<p dir=\"ltr\">Drammens Tidende 10\/11\/2008 Norges f\u00f8rste coaching CD<\/p>\n<p dir=\"ltr\">KK 10\/11\/2008 Fest eller ikke fest<\/p>\n<p dir=\"ltr\">Ukeavisen Ledelse 07\/11\/2008 Coacher med CD<\/p>\n<p dir=\"ltr\">Eiker Nytt 07\/11\/2008 Norges f\u00f8rste coaching CD<\/p>\n<p dir=\"ltr\">Kamille 13\/10\/2008 Singel? Det finnes noen \u00e5 ringe!<\/p>\n<p dir=\"ltr\">Akershus Amtstidene 10\/08\/2008 Hallo, det er coachen?<\/p>\n<p dir=\"ltr\">Ukeavisen Ledelse 04\/08\/2008 Telefoncoaching<\/p>\n<p dir=\"ltr\">KK 24\/07\/2008 Fem grunner til \u00e5 skifte jobb<\/p>\n<p dir=\"ltr\">\u00d8konomisk Rapport 31\/05\/2008 Telefoncoaching<\/p>\n<p dir=\"ltr\">Cosmopolitan 05\/04\/2008 L\u00e6r deg \u00e5 slappe av<\/p>\n<p dir=\"ltr\">Drammens Tidende 08\/01\/2008 Coachen, livsl\u00f8gn eller livsviktig<\/p>\n<p dir=\"ltr\">Bygdeposten 13\/12\/2007 Selvhjelp p\u00e5 telefonen<\/p>\n<p dir=\"ltr\">Eiker Avis 12\/12\/2007 Gir veiledning over telefon<\/p>\n<p dir=\"ltr\">Cosmopolitan&nbsp; 31\/07\/2007 Venner til enhver anledning<\/p>\n<p dir=\"ltr\">Fredrikke 30\/06\/2007 L\u00e6rer \u00e5 snakke sammen<\/p>\n<p dir=\"ltr\">Cosmopolitan 30\/06\/2007 La lykken gro<\/p>\n<p dir=\"ltr\">Ledernytt 31\/05\/2007 Coachingtelefonen \u2013 hjelp til deg eller din bedrift<\/p>\n<p dir=\"ltr\">Vestby Avis 22\/03\/2007 Samlivshjelpen<\/p>\n<p dir=\"ltr\">\u00d8stlandets Blad 19\/03\/2007 L\u00e6rer \u00e5 snakke sammen<\/p>\n<p dir=\"ltr\">Akershus Amtstidene 23\/02\/2007 Hjelp til selvhjelp<\/p>\n<p dir=\"ltr\">Bedre Helse 31\/10\/2006 Coaching, Skap et friskt selvbilde i tankene<\/p>\n<p dir=\"ltr\">Bedre helse 30\/09\/2006 L\u00f8s opp Samlivs-flokene!<\/p>\n<p dir=\"ltr\">\u00c5s Nytt 30\/09\/2006 Servicesenter for voksenoppl\u00e6ring<\/p>\n<p dir=\"ltr\">Bedre Helse 30\/09\/2006 Coaching, L\u00e6r \u00e5 bli tydelig<\/p>\n<p dir=\"ltr\">Bedre Helse 31\/08\/2006 F\u00e5 gjort det du \u00f8nsker!<\/p>\n<p dir=\"ltr\">Shape-Up 31\/07\/2006 Coaching, F\u00e5 max effekt av treningen<\/p>\n<p dir=\"ltr\">Shape-Up 30\/06\/2006 Coaching, Finn din kj\u00e6rlighetsmatch<\/p>\n<p dir=\"ltr\">Shape-Up 31\/05\/2006 Coaching, Design din fremtid<\/p>\n<p dir=\"ltr\">Vestby Nytt 31\/05\/2006 Kommunikasjon og samliv<\/p>\n<p dir=\"ltr\">TV Follo 28\/03\/2006 Perspektiv, Samliv og kommunikasjon<\/p>\n<p dir=\"ltr\">\u00d8stlandets Blad 24\/02\/2006 Hjelper deg med karrieren<\/p>","protected":false},"excerpt":{"rendered":"<p>mer om lian i media B\u00f8ker \u2013 Lydb\u00f8ker 2023 N\u00e5r sunn mat gj\u00f8r deg syk &#8211; Histaminintoleranse, bok 2020 Taletekster, 66 artikler av foredragsholdere &#8211; Hvorfor la en god ide forsvinne, bok 2022 Sensitiv og Sterk &#8211; Lydbok 2015 Nettkurset &#8211; Sensitiv og Sterk 2013 Sensitiv og Sterk! La det bli din styrke &#8211; Bok [&hellip;]<\/p>\n","protected":false},"author":1,"featured_media":0,"parent":0,"menu_order":0,"comment_status":"closed","ping_status":"closed","template":"","meta":{"footnotes":""},"class_list":["post-103810","page","type-page","status-publish","hentry","post-wrapper","thrv_wrapper"],"yoast_head":"<!-- This site is optimized with the Yoast SEO plugin v27.5 - https:\/\/yoast.com\/product\/yoast-seo-wordpress\/ -->\n<title>Lian i media - LianK<\/title>\n<meta name=\"robots\" content=\"index, follow, max-snippet:-1, max-image-preview:large, max-video-preview:-1\" \/>\n<link rel=\"canonical\" href=\"https:\/\/www.milene.dittlivdinfremtid.no\/lian-i-media\/\" \/>\n<meta property=\"og:locale\" content=\"en_GB\" \/>\n<meta property=\"og:type\" content=\"article\" \/>\n<meta property=\"og:title\" content=\"Lian i media - LianK\" \/>\n<meta property=\"og:description\" content=\"mer om lian i media B\u00f8ker \u2013 Lydb\u00f8ker 2023 N\u00e5r sunn mat gj\u00f8r deg syk &#8211; Histaminintoleranse, bok 2020 Taletekster, 66 artikler av foredragsholdere &#8211; Hvorfor la en god ide forsvinne, bok 2022 Sensitiv og Sterk &#8211; Lydbok 2015 Nettkurset &#8211; Sensitiv og Sterk 2013 Sensitiv og Sterk! La det bli din styrke &#8211; Bok [&hellip;]\" \/>\n<meta property=\"og:url\" content=\"https:\/\/www.milene.dittlivdinfremtid.no\/lian-i-media\/\" \/>\n<meta property=\"og:site_name\" content=\"LianK\" \/>\n<meta property=\"article:modified_time\" content=\"2023-09-02T07:35:35+00:00\" \/>\n<meta name=\"twitter:card\" content=\"summary_large_image\" \/>\n<script type=\"application\/ld+json\" class=\"yoast-schema-graph\">{\"@context\":\"https:\\\/\\\/schema.org\",\"@graph\":[{\"@type\":\"WebPage\",\"@id\":\"https:\\\/\\\/www.milene.dittlivdinfremtid.no\\\/lian-i-media\\\/\",\"url\":\"https:\\\/\\\/www.milene.dittlivdinfremtid.no\\\/lian-i-media\\\/\",\"name\":\"Lian i media - LianK\",\"isPartOf\":{\"@id\":\"https:\\\/\\\/www.milene.dittlivdinfremtid.no\\\/#website\"},\"datePublished\":\"2023-08-13T09:05:25+00:00\",\"dateModified\":\"2023-09-02T07:35:35+00:00\",\"breadcrumb\":{\"@id\":\"https:\\\/\\\/www.milene.dittlivdinfremtid.no\\\/lian-i-media\\\/#breadcrumb\"},\"inLanguage\":\"en-GB\",\"potentialAction\":[{\"@type\":\"ReadAction\",\"target\":[\"https:\\\/\\\/www.milene.dittlivdinfremtid.no\\\/lian-i-media\\\/\"]}]},{\"@type\":\"BreadcrumbList\",\"@id\":\"https:\\\/\\\/www.milene.dittlivdinfremtid.no\\\/lian-i-media\\\/#breadcrumb\",\"itemListElement\":[{\"@type\":\"ListItem\",\"position\":1,\"name\":\"Hjem\",\"item\":\"https:\\\/\\\/liank.no\\\/\"},{\"@type\":\"ListItem\",\"position\":2,\"name\":\"Lian i media\"}]},{\"@type\":\"WebSite\",\"@id\":\"https:\\\/\\\/www.milene.dittlivdinfremtid.no\\\/#website\",\"url\":\"https:\\\/\\\/www.milene.dittlivdinfremtid.no\\\/\",\"name\":\"LianK\",\"description\":\"My WordPress Blog\",\"potentialAction\":[{\"@type\":\"SearchAction\",\"target\":{\"@type\":\"EntryPoint\",\"urlTemplate\":\"https:\\\/\\\/www.milene.dittlivdinfremtid.no\\\/?s={search_term_string}\"},\"query-input\":{\"@type\":\"PropertyValueSpecification\",\"valueRequired\":true,\"valueName\":\"search_term_string\"}}],\"inLanguage\":\"en-GB\"}]}<\/script>\n<!-- \/ Yoast SEO plugin. -->","yoast_head_json":{"title":"Lian i media - LianK","robots":{"index":"index","follow":"follow","max-snippet":"max-snippet:-1","max-image-preview":"max-image-preview:large","max-video-preview":"max-video-preview:-1"},"canonical":"https:\/\/www.milene.dittlivdinfremtid.no\/lian-i-media\/","og_locale":"en_GB","og_type":"article","og_title":"Lian i media - LianK","og_description":"mer om lian i media B\u00f8ker \u2013 Lydb\u00f8ker 2023 N\u00e5r sunn mat gj\u00f8r deg syk &#8211; Histaminintoleranse, bok 2020 Taletekster, 66 artikler av foredragsholdere &#8211; Hvorfor la en god ide forsvinne, bok 2022 Sensitiv og Sterk &#8211; Lydbok 2015 Nettkurset &#8211; Sensitiv og Sterk 2013 Sensitiv og Sterk! La det bli din styrke &#8211; Bok [&hellip;]","og_url":"https:\/\/www.milene.dittlivdinfremtid.no\/lian-i-media\/","og_site_name":"LianK","article_modified_time":"2023-09-02T07:35:35+00:00","twitter_card":"summary_large_image","schema":{"@context":"https:\/\/schema.org","@graph":[{"@type":"WebPage","@id":"https:\/\/www.milene.dittlivdinfremtid.no\/lian-i-media\/","url":"https:\/\/www.milene.dittlivdinfremtid.no\/lian-i-media\/","name":"Lian i media - LianK","isPartOf":{"@id":"https:\/\/www.milene.dittlivdinfremtid.no\/#website"},"datePublished":"2023-08-13T09:05:25+00:00","dateModified":"2023-09-02T07:35:35+00:00","breadcrumb":{"@id":"https:\/\/www.milene.dittlivdinfremtid.no\/lian-i-media\/#breadcrumb"},"inLanguage":"en-GB","potentialAction":[{"@type":"ReadAction","target":["https:\/\/www.milene.dittlivdinfremtid.no\/lian-i-media\/"]}]},{"@type":"BreadcrumbList","@id":"https:\/\/www.milene.dittlivdinfremtid.no\/lian-i-media\/#breadcrumb","itemListElement":[{"@type":"ListItem","position":1,"name":"Hjem","item":"https:\/\/liank.no\/"},{"@type":"ListItem","position":2,"name":"Lian i media"}]},{"@type":"WebSite","@id":"https:\/\/www.milene.dittlivdinfremtid.no\/#website","url":"https:\/\/www.milene.dittlivdinfremtid.no\/","name":"LianK","description":"My WordPress Blog","potentialAction":[{"@type":"SearchAction","target":{"@type":"EntryPoint","urlTemplate":"https:\/\/www.milene.dittlivdinfremtid.no\/?s={search_term_string}"},"query-input":{"@type":"PropertyValueSpecification","valueRequired":true,"valueName":"search_term_string"}}],"inLanguage":"en-GB"}]}},"_links":{"self":[{"href":"https:\/\/liank.no\/en\/wp-json\/wp\/v2\/pages\/103810","targetHints":{"allow":["GET"]}}],"collection":[{"href":"https:\/\/liank.no\/en\/wp-json\/wp\/v2\/pages"}],"about":[{"href":"https:\/\/liank.no\/en\/wp-json\/wp\/v2\/types\/page"}],"author":[{"embeddable":true,"href":"https:\/\/liank.no\/en\/wp-json\/wp\/v2\/users\/1"}],"replies":[{"embeddable":true,"href":"https:\/\/liank.no\/en\/wp-json\/wp\/v2\/comments?post=103810"}],"version-history":[{"count":14,"href":"https:\/\/liank.no\/en\/wp-json\/wp\/v2\/pages\/103810\/revisions"}],"predecessor-version":[{"id":104287,"href":"https:\/\/liank.no\/en\/wp-json\/wp\/v2\/pages\/103810\/revisions\/104287"}],"wp:attachment":[{"href":"https:\/\/liank.no\/en\/wp-json\/wp\/v2\/media?parent=103810"}],"curies":[{"name":"wp","href":"https:\/\/api.w.org\/{rel}","templated":true}]}}