{"id":103827,"date":"2023-08-13T09:33:05","date_gmt":"2023-08-13T09:33:05","guid":{"rendered":"https:\/\/www.milene.dittlivdinfremtid.no\/?page_id=103827"},"modified":"2023-08-18T05:51:25","modified_gmt":"2023-08-18T05:51:25","slug":"nettkurs-2","status":"publish","type":"page","link":"https:\/\/liank.no\/en\/nettkurs-2\/","title":{"rendered":"Nettkurs"},"content":{"rendered":"<p style=\"text-align: center;\">Nettkurset<\/p>\n<h1 style=\"text-align: center;\">&nbsp;Sensitive <span style=\"text-transform: lowercase !important;\">og sterk!<\/span><\/h1>\n<p style=\"text-align: center;\">Hvorfor sensitiv og sterk? Hva inneb\u00e6rer det \u00e5 v\u00e6re sensitiv? Veldig mange i dagens samfunn mangler kunnskap om hva h\u00f8ysensitivitet egentlig er. Vi \u00f8nsker derfor dele av v\u00e5r kunnskap og \u00e5 hjelpe flere mennesker til \u00e5 finne styrken sin i \u00e5 v\u00e6re et sensitivt menneske!&nbsp;<\/p>\n<h2 dir=\"ltr\" style=\"\"><strong>Hva f\u00e5r du ut av kurset?<\/strong><\/h2>\n<ul>\n<li><span>Selvaksept<\/span><\/li>\n<li><span>Indre styrke<\/span><\/li>\n<li><span>Kunnskap<\/span><\/li>\n<li><span>Bli kjent med det unike i deg<\/span><\/li>\n<li><span>Intuisjon og selvkontroll<\/span><\/li>\n<li><span>Takknemlighet &amp; <span style=\"text-transform: lowercase !important;\">Gl<\/span>ede<\/span><\/li>\n<\/ul>\n<p style=\"\">Nettkurset er basert p\u00e5 p\u00e5 bestselgeren&nbsp; <strong><em>Sensitiv og Sterk &#8211; La det bli din styrke!<\/em><\/strong><\/p>","protected":false},"excerpt":{"rendered":"<p>Nettkurset &nbsp;Sensitive og sterk! Hvorfor sensitiv og sterk? Hva inneb\u00e6rer det \u00e5 v\u00e6re sensitiv? Veldig mange i dagens samfunn mangler kunnskap om hva h\u00f8ysensitivitet egentlig er. Vi \u00f8nsker derfor dele av v\u00e5r kunnskap og \u00e5 hjelpe flere mennesker til \u00e5 finne styrken sin i \u00e5 v\u00e6re et sensitivt menneske!&nbsp; Hva f\u00e5r du ut av kurset? [&hellip;]<\/p>\n","protected":false},"author":1,"featured_media":0,"parent":0,"menu_order":0,"comment_status":"closed","ping_status":"closed","template":"","meta":{"footnotes":""},"class_list":["post-103827","page","type-page","status-publish","hentry","post-wrapper","thrv_wrapper"],"yoast_head":"<!-- This site is optimized with the Yoast SEO plugin v27.4 - https:\/\/yoast.com\/product\/yoast-seo-wordpress\/ -->\n<title>Nettkurs - LianK<\/title>\n<meta name=\"robots\" content=\"index, follow, max-snippet:-1, max-image-preview:large, max-video-preview:-1\" \/>\n<link rel=\"canonical\" href=\"https:\/\/www.milene.dittlivdinfremtid.no\/nettkurs-2\/\" \/>\n<meta property=\"og:locale\" content=\"en_GB\" \/>\n<meta property=\"og:type\" content=\"article\" \/>\n<meta property=\"og:title\" content=\"Nettkurs - LianK\" \/>\n<meta property=\"og:description\" content=\"Nettkurset &nbsp;Sensitive og sterk! Hvorfor sensitiv og sterk? Hva inneb\u00e6rer det \u00e5 v\u00e6re sensitiv? Veldig mange i dagens samfunn mangler kunnskap om hva h\u00f8ysensitivitet egentlig er. Vi \u00f8nsker derfor dele av v\u00e5r kunnskap og \u00e5 hjelpe flere mennesker til \u00e5 finne styrken sin i \u00e5 v\u00e6re et sensitivt menneske!&nbsp; Hva f\u00e5r du ut av kurset? [&hellip;]\" \/>\n<meta property=\"og:url\" content=\"https:\/\/www.milene.dittlivdinfremtid.no\/nettkurs-2\/\" \/>\n<meta property=\"og:site_name\" content=\"LianK\" \/>\n<meta property=\"article:modified_time\" content=\"2023-08-18T05:51:25+00:00\" \/>\n<meta name=\"twitter:card\" content=\"summary_large_image\" \/>\n<script type=\"application\/ld+json\" class=\"yoast-schema-graph\">{\"@context\":\"https:\\\/\\\/schema.org\",\"@graph\":[{\"@type\":\"WebPage\",\"@id\":\"https:\\\/\\\/www.milene.dittlivdinfremtid.no\\\/nettkurs-2\\\/\",\"url\":\"https:\\\/\\\/www.milene.dittlivdinfremtid.no\\\/nettkurs-2\\\/\",\"name\":\"Nettkurs - LianK\",\"isPartOf\":{\"@id\":\"https:\\\/\\\/www.milene.dittlivdinfremtid.no\\\/#website\"},\"datePublished\":\"2023-08-13T09:33:05+00:00\",\"dateModified\":\"2023-08-18T05:51:25+00:00\",\"breadcrumb\":{\"@id\":\"https:\\\/\\\/www.milene.dittlivdinfremtid.no\\\/nettkurs-2\\\/#breadcrumb\"},\"inLanguage\":\"en-GB\",\"potentialAction\":[{\"@type\":\"ReadAction\",\"target\":[\"https:\\\/\\\/www.milene.dittlivdinfremtid.no\\\/nettkurs-2\\\/\"]}]},{\"@type\":\"BreadcrumbList\",\"@id\":\"https:\\\/\\\/www.milene.dittlivdinfremtid.no\\\/nettkurs-2\\\/#breadcrumb\",\"itemListElement\":[{\"@type\":\"ListItem\",\"position\":1,\"name\":\"Hjem\",\"item\":\"https:\\\/\\\/liank.no\\\/\"},{\"@type\":\"ListItem\",\"position\":2,\"name\":\"Nettkurs\"}]},{\"@type\":\"WebSite\",\"@id\":\"https:\\\/\\\/www.milene.dittlivdinfremtid.no\\\/#website\",\"url\":\"https:\\\/\\\/www.milene.dittlivdinfremtid.no\\\/\",\"name\":\"LianK\",\"description\":\"My WordPress Blog\",\"potentialAction\":[{\"@type\":\"SearchAction\",\"target\":{\"@type\":\"EntryPoint\",\"urlTemplate\":\"https:\\\/\\\/www.milene.dittlivdinfremtid.no\\\/?s={search_term_string}\"},\"query-input\":{\"@type\":\"PropertyValueSpecification\",\"valueRequired\":true,\"valueName\":\"search_term_string\"}}],\"inLanguage\":\"en-GB\"}]}<\/script>\n<!-- \/ Yoast SEO plugin. -->","yoast_head_json":{"title":"Nettkurs - LianK","robots":{"index":"index","follow":"follow","max-snippet":"max-snippet:-1","max-image-preview":"max-image-preview:large","max-video-preview":"max-video-preview:-1"},"canonical":"https:\/\/www.milene.dittlivdinfremtid.no\/nettkurs-2\/","og_locale":"en_GB","og_type":"article","og_title":"Nettkurs - LianK","og_description":"Nettkurset &nbsp;Sensitive og sterk! Hvorfor sensitiv og sterk? Hva inneb\u00e6rer det \u00e5 v\u00e6re sensitiv? Veldig mange i dagens samfunn mangler kunnskap om hva h\u00f8ysensitivitet egentlig er. Vi \u00f8nsker derfor dele av v\u00e5r kunnskap og \u00e5 hjelpe flere mennesker til \u00e5 finne styrken sin i \u00e5 v\u00e6re et sensitivt menneske!&nbsp; Hva f\u00e5r du ut av kurset? [&hellip;]","og_url":"https:\/\/www.milene.dittlivdinfremtid.no\/nettkurs-2\/","og_site_name":"LianK","article_modified_time":"2023-08-18T05:51:25+00:00","twitter_card":"summary_large_image","schema":{"@context":"https:\/\/schema.org","@graph":[{"@type":"WebPage","@id":"https:\/\/www.milene.dittlivdinfremtid.no\/nettkurs-2\/","url":"https:\/\/www.milene.dittlivdinfremtid.no\/nettkurs-2\/","name":"Nettkurs - LianK","isPartOf":{"@id":"https:\/\/www.milene.dittlivdinfremtid.no\/#website"},"datePublished":"2023-08-13T09:33:05+00:00","dateModified":"2023-08-18T05:51:25+00:00","breadcrumb":{"@id":"https:\/\/www.milene.dittlivdinfremtid.no\/nettkurs-2\/#breadcrumb"},"inLanguage":"en-GB","potentialAction":[{"@type":"ReadAction","target":["https:\/\/www.milene.dittlivdinfremtid.no\/nettkurs-2\/"]}]},{"@type":"BreadcrumbList","@id":"https:\/\/www.milene.dittlivdinfremtid.no\/nettkurs-2\/#breadcrumb","itemListElement":[{"@type":"ListItem","position":1,"name":"Hjem","item":"https:\/\/liank.no\/"},{"@type":"ListItem","position":2,"name":"Nettkurs"}]},{"@type":"WebSite","@id":"https:\/\/www.milene.dittlivdinfremtid.no\/#website","url":"https:\/\/www.milene.dittlivdinfremtid.no\/","name":"LianK","description":"My WordPress Blog","potentialAction":[{"@type":"SearchAction","target":{"@type":"EntryPoint","urlTemplate":"https:\/\/www.milene.dittlivdinfremtid.no\/?s={search_term_string}"},"query-input":{"@type":"PropertyValueSpecification","valueRequired":true,"valueName":"search_term_string"}}],"inLanguage":"en-GB"}]}},"_links":{"self":[{"href":"https:\/\/liank.no\/en\/wp-json\/wp\/v2\/pages\/103827","targetHints":{"allow":["GET"]}}],"collection":[{"href":"https:\/\/liank.no\/en\/wp-json\/wp\/v2\/pages"}],"about":[{"href":"https:\/\/liank.no\/en\/wp-json\/wp\/v2\/types\/page"}],"author":[{"embeddable":true,"href":"https:\/\/liank.no\/en\/wp-json\/wp\/v2\/users\/1"}],"replies":[{"embeddable":true,"href":"https:\/\/liank.no\/en\/wp-json\/wp\/v2\/comments?post=103827"}],"version-history":[{"count":11,"href":"https:\/\/liank.no\/en\/wp-json\/wp\/v2\/pages\/103827\/revisions"}],"predecessor-version":[{"id":103914,"href":"https:\/\/liank.no\/en\/wp-json\/wp\/v2\/pages\/103827\/revisions\/103914"}],"wp:attachment":[{"href":"https:\/\/liank.no\/en\/wp-json\/wp\/v2\/media?parent=103827"}],"curies":[{"name":"wp","href":"https:\/\/api.w.org\/{rel}","templated":true}]}}