{"id":103946,"date":"2023-08-25T07:50:53","date_gmt":"2023-08-25T07:50:53","guid":{"rendered":"https:\/\/www.milene.dittlivdinfremtid.no\/?page_id=103946"},"modified":"2025-06-17T11:06:17","modified_gmt":"2025-06-17T11:06:17","slug":"kurs-i-villajoyosa","status":"publish","type":"page","link":"https:\/\/liank.no\/en\/kurs-i-villajoyosa\/","title":{"rendered":"Kurs i Villajoyosa"},"content":{"rendered":"<h2 style=\"text-align: center;\">Kurs <span>med<\/span> lian <span>i <\/span>Villajoyosa, Spania<\/h2>\n<p style=\"\">Disse dagene har vi fokus p\u00e5 deg, og det du trenger n\u00e5. Her blir det en kombinasjon av selvutvikling, energip\u00e5fyll, indre ro og deilige feriedager p\u00e5 et nydlig sted.<\/p>\n<p dir=\"ltr\" style=\"\">Dette er en b\u00e5de indre og ytre reise, som vil handle om deg og ditt liv og du vil bli mer kjent med dine sterke og sensitive sider. Vi tilbringer mesteparten av tiden ute i det fri, og nyter det gode v\u00e6ret og naturen rundt. Det er viktig at du liker \u00e5 v\u00e6re ute, og at du kan v\u00e6re med \u00e5 g\u00e5 turer ogs\u00e5 i litt ulendt terreng.<\/p>\n<p dir=\"ltr\" style=\"\">Kurset starter fredag ettermiddag og vil vare fire timer daglig over tre dager. Resten av tiden kan du ha ferie og gj\u00f8re akkurat som du f\u00f8ler enten du vil oppleve omr\u00e5det rundt eller bare ta livet med ro. Kanskje du \u00f8nsker \u00e5 ha med familie eller venner og kombinere kurs med ferie.<\/p>\n<p dir=\"ltr\" style=\"\">Villajoyosa er kjent for nydelige strender, sj\u00f8en, og ikke minst gamlebyen med sine fargerike hus. Kalles ogs\u00e5 for Middelhavets perle av mange. Villajoyosa er en liten fiskerlandsby, som har behold mye av det ekte Spania, og ligger mellom Benidorm og Alicante. Her finner du ro og fred, og ellers alt som kropp og sjel kunne ha behov for.<\/p>\n<p dir=\"ltr\" style=\"\">Dato for neste kurs kommer i l\u00f8pet av de neste m\u00e5nedene. <span style=\"font-size: 16px !important;\">Begrenset antall kursplasser<\/span><\/p>\n<p><span style=\"font-size: 16px !important;\">Reise og opphold velger du selv, og det finnes mange gode alternativer, enten du \u00f8nsker \u00e5 bo p\u00e5 hotell, pensjonat eller leie en leilighet. S\u00e5 du velger selv hvor lenge du vil bli og hvor du \u00f8nsker \u00e5 bo. Vi helper deg dersom du har sp\u00f8rsm\u00e5l rundt dette.<\/span><\/p>\n<h3 style=\"\">I <span>disse dagene blir det<\/span><\/h3>\n<ul>\n<li style=\"\"><span>Fokus p\u00e5 deg og ditt liv<\/span><\/li>\n<li><span>Kombinasjon av selvutvikling og ferie<\/span><\/li>\n<li><span>Turer i n\u00e6romr\u00e5der&nbsp;<\/span><\/li>\n<\/ul>\n<p><a href=\"#\"><\/a><a href=\"#\"><\/a><\/p>\n<h3 style=\"\">Kurset<span>&nbsp;inkluderer<\/span><\/h3>\n<ul>\n<li><span>Gruppecoaching<\/span><\/li>\n<li><span>Forelesninger&nbsp;<\/span><\/li>\n<li><span>Refleksjonsoppgaver&nbsp;<\/span><\/li>\n<li><span>Meditasjoner<\/span><\/li>\n<li><span>Ulike selvutviklings\u00f8velser<\/span><\/li>\n<\/ul>\n<p><a href=\"#\"><\/a><a href=\"#\"><\/a><\/p>\n<h2 style=\"text-align: center;\">Referanser fra fagmilj\u00f8<\/h2>\n<\/p>\n<p style=\"\">For people who want to make new positive changes in their lives, Lian&#8217;s coaching program is very beneficial.<\/p>\n<p style=\"\">\n<h4 style=\"\">Dr. Ted Zeff, USA,&nbsp;<\/h4>\n<p style=\"\">Psykolog og forfatter<\/p>\n<p style=\"\">Lian, thank you so much for all you have done for the Norwegian HSP, Highly Sensitive Persons.<\/p>\n<h4 style=\"\">Dr. Elaine N. Aron, USA,&nbsp;<\/h4>\n<p style=\"\">Forsker, Psykolog, og forfatter<\/p>\n<p style=\"color: var(--tve-color, rgb(55, 135, 218));\"> <span data-shortcode=\"tcb_post_categories\" data-shortcode-name=\"List of categories\" data-extra_key=\"\" data-attr-link=\"0\" data-attr-target=\"0\" data-attr-rel=\"0\" data-option-inline=\"1\" style=\"\"><\/span> <\/p>\n<h2 style=\"\"> <span data-shortcode=\"tcb_post_title\" data-shortcode-name=\"Post title\" data-extra_key=\"\" data-attr-link=\"1\" data-attr-target=\"0\" data-attr-rel=\"0\" data-option-inline=\"1\" data-attr-static-link=\"{&quot;className&quot;:&quot;&quot;,&quot;href&quot;:&quot;#&quot;,&quot;title&quot;:&quot;Kurs i Villajoyosa&quot;,&quot;class&quot;:&quot;&quot;}\" data-attr-css=\"\"><a href=\"https:\/\/liank.no\/en\/kurs-i-villajoyosa\/\" title=\"Kurs i Villajoyosa\" data-css=\"\">Kurs i Villajoyosa<\/a><\/span> <\/h2>\n<p style=\"color: var(--tve-color, rgb(55, 135, 218));\"> <span data-shortcode=\"tcb_post_categories\" data-shortcode-name=\"List of categories\" data-extra_key=\"\" data-attr-link=\"0\" data-attr-target=\"0\" data-attr-rel=\"0\" data-option-inline=\"1\" style=\"\"><\/span> <\/p>\n<h2 style=\"\"> <span data-shortcode=\"tcb_post_title\" data-shortcode-name=\"Post title\" data-extra_key=\"\" data-attr-link=\"1\" data-attr-target=\"0\" data-attr-rel=\"0\" data-option-inline=\"1\" data-attr-static-link=\"{&quot;className&quot;:&quot;&quot;,&quot;href&quot;:&quot;#&quot;,&quot;title&quot;:&quot;Kurs i Villajoyosa&quot;,&quot;class&quot;:&quot;&quot;}\" data-attr-css=\"\"><a href=\"https:\/\/liank.no\/en\/kurs-i-villajoyosa\/\" title=\"Kurs i Villajoyosa\" data-css=\"\">Kurs i Villajoyosa<\/a><\/span> <\/h2>\n<p style=\"color: var(--tve-color, rgb(55, 135, 218));\"> <span data-shortcode=\"tcb_post_categories\" data-shortcode-name=\"List of categories\" data-extra_key=\"\" data-attr-link=\"0\" data-attr-target=\"0\" data-attr-rel=\"0\" data-option-inline=\"1\" style=\"\"><\/span> <\/p>\n<h2 style=\"\"> <span data-shortcode=\"tcb_post_title\" data-shortcode-name=\"Post title\" data-extra_key=\"\" data-attr-link=\"1\" data-attr-target=\"0\" data-attr-rel=\"0\" data-option-inline=\"1\" data-attr-static-link=\"{&quot;className&quot;:&quot;&quot;,&quot;href&quot;:&quot;#&quot;,&quot;title&quot;:&quot;Kurs i Villajoyosa&quot;,&quot;class&quot;:&quot;&quot;}\" data-attr-css=\"\"><a href=\"https:\/\/liank.no\/en\/kurs-i-villajoyosa\/\" title=\"Kurs i Villajoyosa\" data-css=\"\">Kurs i Villajoyosa<\/a><\/span> <\/h2>\n<h2 style=\"text-align: center;\"><\/h2>\n<h2 style=\"text-align: center;\">Hva<span style=\"text-transform: lowercase !important;\">&nbsp;sier tidligere deltakere&nbsp;<\/span><span style=\"text-transform: lowercase !important;\"><\/span><span style=\"text-transform: lowercase !important;\">om kurset<\/span><\/h2>\n<p><span style=\"text-transform: lowercase !important;\"><\/span><\/p>\n<p style=\"\">Jeg opplever Lian som lyttende og engasjert i det hun formidler. Hun er trygg og kunnskapsrik, og har en egen evne til \u00e5 inkludere mennesker p\u00e5. Dette fikk jeg oppleve p\u00e5 kurs i Spania. Hun er ogs\u00e5 god p\u00e5 \u00e5 lede meditasjons\u00f8velser.<\/p>\n<h4>Anne Kjihl<\/h4>\n<p style=\"\">Helsevesenet<\/p>\n<p style=\"\">\n<p>Jeg var p\u00e5 flere dagers kurs med Lian i Spania. Hun er en klar og tydelig kursholder. For meg personlig var undervisningen avgj\u00f8rende for \u00e5 komme videre i min prosess. Anbefaler Lian p\u00e5 det varmeste.<\/p>\n<h4 style=\"\"><span style=\"color: var(--tcb-skin-color-24); font-size: 28px; font-weight: var(--g-bold-weight, bold);\">Camilla Kobbevik<\/span><\/h4>\n<p style=\"\">Skogstjerne Konsulenter&nbsp;<\/p>\n<p style=\"\">Jeg har v\u00e6rt p\u00e5 kurs med Lian i Spania, og hun er god til \u00e5 holde kurs Det var veldig bra kurs som gjorde at jeg forst\u00e5r mine utfordringer bedre, og det ble lettere \u00e5 finne min vei i livet. Jeg anbefaler kurs og coaching med Lian. Det gir mening og positiv retning videre i livet.<\/p>\n<h4>Irene Hundeide<\/h4>\n<p style=\"\">Spesialpedagog<\/p>\n<p style=\"\">\n<p style=\"\">\n<p style=\"\">Jeg har v\u00e6rt p\u00e5 kurs med Lian i Spania, og hun var lyttende og klar i sin tale. Lian er varm og inkluderende og jeg l\u00e6rte mye som jeg har tatt med meg inn i hverdagen min.<\/p>\n<h4>Liv Teigen<\/h4>\n<p style=\"color: var(--tve-color, rgb(55, 135, 218));\"> <span data-shortcode=\"tcb_post_categories\" data-shortcode-name=\"List of categories\" data-extra_key=\"\" data-attr-link=\"0\" data-attr-target=\"0\" data-attr-rel=\"0\" data-option-inline=\"1\" style=\"\"><\/span> <\/p>\n<h2 style=\"\"> <span data-shortcode=\"tcb_post_title\" data-shortcode-name=\"Post title\" data-extra_key=\"\" data-attr-link=\"1\" data-attr-target=\"0\" data-attr-rel=\"0\" data-option-inline=\"1\" data-attr-static-link=\"{&quot;className&quot;:&quot;&quot;,&quot;href&quot;:&quot;#&quot;,&quot;title&quot;:&quot;Kurs i Villajoyosa&quot;,&quot;class&quot;:&quot;&quot;}\" data-attr-css=\"\"><a href=\"https:\/\/liank.no\/en\/kurs-i-villajoyosa\/\" title=\"Kurs i Villajoyosa\" data-css=\"\">Kurs i Villajoyosa<\/a><\/span> <\/h2>\n<p style=\"color: var(--tve-color, rgb(55, 135, 218));\"> <span data-shortcode=\"tcb_post_categories\" data-shortcode-name=\"List of categories\" data-extra_key=\"\" data-attr-link=\"0\" data-attr-target=\"0\" data-attr-rel=\"0\" data-option-inline=\"1\" style=\"\"><\/span> <\/p>\n<h2 style=\"\"> <span data-shortcode=\"tcb_post_title\" data-shortcode-name=\"Post title\" data-extra_key=\"\" data-attr-link=\"1\" data-attr-target=\"0\" data-attr-rel=\"0\" data-option-inline=\"1\" data-attr-static-link=\"{&quot;className&quot;:&quot;&quot;,&quot;href&quot;:&quot;#&quot;,&quot;title&quot;:&quot;Kurs i Villajoyosa&quot;,&quot;class&quot;:&quot;&quot;}\" data-attr-css=\"\"><a href=\"https:\/\/liank.no\/en\/kurs-i-villajoyosa\/\" title=\"Kurs i Villajoyosa\" data-css=\"\">Kurs i Villajoyosa<\/a><\/span> <\/h2>\n<p style=\"color: var(--tve-color, rgb(55, 135, 218));\"> <span data-shortcode=\"tcb_post_categories\" data-shortcode-name=\"List of categories\" data-extra_key=\"\" data-attr-link=\"0\" data-attr-target=\"0\" data-attr-rel=\"0\" data-option-inline=\"1\" style=\"\"><\/span> <\/p>\n<h2 style=\"\"> <span data-shortcode=\"tcb_post_title\" data-shortcode-name=\"Post title\" data-extra_key=\"\" data-attr-link=\"1\" data-attr-target=\"0\" data-attr-rel=\"0\" data-option-inline=\"1\" data-attr-static-link=\"{&quot;className&quot;:&quot;&quot;,&quot;href&quot;:&quot;#&quot;,&quot;title&quot;:&quot;Kurs i Villajoyosa&quot;,&quot;class&quot;:&quot;&quot;}\" data-attr-css=\"\"><a href=\"https:\/\/liank.no\/en\/kurs-i-villajoyosa\/\" title=\"Kurs i Villajoyosa\" data-css=\"\">Kurs i Villajoyosa<\/a><\/span> <\/h2>","protected":false},"excerpt":{"rendered":"<p>Kurs med lian i Villajoyosa, Spania Disse dagene har vi fokus p\u00e5 deg, og det du trenger n\u00e5. Her blir det en kombinasjon av selvutvikling, energip\u00e5fyll, indre ro og deilige feriedager p\u00e5 et nydlig sted. Dette er en b\u00e5de indre og ytre reise, som vil handle om deg og ditt liv og du vil bli [&hellip;]<\/p>\n","protected":false},"author":1,"featured_media":0,"parent":0,"menu_order":0,"comment_status":"closed","ping_status":"closed","template":"","meta":{"footnotes":""},"class_list":["post-103946","page","type-page","status-publish","hentry","post-wrapper","thrv_wrapper"],"yoast_head":"<!-- This site is optimized with the Yoast SEO plugin v27.5 - https:\/\/yoast.com\/product\/yoast-seo-wordpress\/ -->\n<title>Kurs i Villajoyosa - LianK<\/title>\n<meta name=\"robots\" content=\"index, follow, max-snippet:-1, max-image-preview:large, max-video-preview:-1\" \/>\n<link rel=\"canonical\" href=\"https:\/\/liank.no\/en\/kurs-i-villajoyosa\/\" \/>\n<meta property=\"og:locale\" content=\"en_GB\" \/>\n<meta property=\"og:type\" content=\"article\" \/>\n<meta property=\"og:title\" content=\"Kurs i Villajoyosa - LianK\" \/>\n<meta property=\"og:description\" content=\"Kurs med lian i Villajoyosa, Spania Disse dagene har vi fokus p\u00e5 deg, og det du trenger n\u00e5. Her blir det en kombinasjon av selvutvikling, energip\u00e5fyll, indre ro og deilige feriedager p\u00e5 et nydlig sted. Dette er en b\u00e5de indre og ytre reise, som vil handle om deg og ditt liv og du vil bli [&hellip;]\" \/>\n<meta property=\"og:url\" content=\"https:\/\/liank.no\/en\/kurs-i-villajoyosa\/\" \/>\n<meta property=\"og:site_name\" content=\"LianK\" \/>\n<meta property=\"article:modified_time\" content=\"2025-06-17T11:06:17+00:00\" \/>\n<meta name=\"twitter:card\" content=\"summary_large_image\" \/>\n<meta name=\"twitter:label1\" content=\"Estimated reading time\" \/>\n\t<meta name=\"twitter:data1\" content=\"3 minutes\" \/>\n<script type=\"application\/ld+json\" class=\"yoast-schema-graph\">{\"@context\":\"https:\\\/\\\/schema.org\",\"@graph\":[{\"@type\":\"WebPage\",\"@id\":\"https:\\\/\\\/liank.no\\\/kurs-i-villajoyosa\\\/\",\"url\":\"https:\\\/\\\/liank.no\\\/kurs-i-villajoyosa\\\/\",\"name\":\"Kurs i Villajoyosa - LianK\",\"isPartOf\":{\"@id\":\"https:\\\/\\\/www.milene.dittlivdinfremtid.no\\\/#website\"},\"datePublished\":\"2023-08-25T07:50:53+00:00\",\"dateModified\":\"2025-06-17T11:06:17+00:00\",\"breadcrumb\":{\"@id\":\"https:\\\/\\\/liank.no\\\/kurs-i-villajoyosa\\\/#breadcrumb\"},\"inLanguage\":\"en-GB\",\"potentialAction\":[{\"@type\":\"ReadAction\",\"target\":[\"https:\\\/\\\/liank.no\\\/kurs-i-villajoyosa\\\/\"]}]},{\"@type\":\"BreadcrumbList\",\"@id\":\"https:\\\/\\\/liank.no\\\/kurs-i-villajoyosa\\\/#breadcrumb\",\"itemListElement\":[{\"@type\":\"ListItem\",\"position\":1,\"name\":\"Hjem\",\"item\":\"https:\\\/\\\/liank.no\\\/\"},{\"@type\":\"ListItem\",\"position\":2,\"name\":\"Kurs i Villajoyosa\"}]},{\"@type\":\"WebSite\",\"@id\":\"https:\\\/\\\/www.milene.dittlivdinfremtid.no\\\/#website\",\"url\":\"https:\\\/\\\/www.milene.dittlivdinfremtid.no\\\/\",\"name\":\"LianK\",\"description\":\"My WordPress Blog\",\"potentialAction\":[{\"@type\":\"SearchAction\",\"target\":{\"@type\":\"EntryPoint\",\"urlTemplate\":\"https:\\\/\\\/www.milene.dittlivdinfremtid.no\\\/?s={search_term_string}\"},\"query-input\":{\"@type\":\"PropertyValueSpecification\",\"valueRequired\":true,\"valueName\":\"search_term_string\"}}],\"inLanguage\":\"en-GB\"}]}<\/script>\n<!-- \/ Yoast SEO plugin. -->","yoast_head_json":{"title":"Kurs i Villajoyosa - LianK","robots":{"index":"index","follow":"follow","max-snippet":"max-snippet:-1","max-image-preview":"max-image-preview:large","max-video-preview":"max-video-preview:-1"},"canonical":"https:\/\/liank.no\/en\/kurs-i-villajoyosa\/","og_locale":"en_GB","og_type":"article","og_title":"Kurs i Villajoyosa - LianK","og_description":"Kurs med lian i Villajoyosa, Spania Disse dagene har vi fokus p\u00e5 deg, og det du trenger n\u00e5. Her blir det en kombinasjon av selvutvikling, energip\u00e5fyll, indre ro og deilige feriedager p\u00e5 et nydlig sted. Dette er en b\u00e5de indre og ytre reise, som vil handle om deg og ditt liv og du vil bli [&hellip;]","og_url":"https:\/\/liank.no\/en\/kurs-i-villajoyosa\/","og_site_name":"LianK","article_modified_time":"2025-06-17T11:06:17+00:00","twitter_card":"summary_large_image","twitter_misc":{"Estimated reading time":"3 minutes"},"schema":{"@context":"https:\/\/schema.org","@graph":[{"@type":"WebPage","@id":"https:\/\/liank.no\/kurs-i-villajoyosa\/","url":"https:\/\/liank.no\/kurs-i-villajoyosa\/","name":"Kurs i Villajoyosa - LianK","isPartOf":{"@id":"https:\/\/www.milene.dittlivdinfremtid.no\/#website"},"datePublished":"2023-08-25T07:50:53+00:00","dateModified":"2025-06-17T11:06:17+00:00","breadcrumb":{"@id":"https:\/\/liank.no\/kurs-i-villajoyosa\/#breadcrumb"},"inLanguage":"en-GB","potentialAction":[{"@type":"ReadAction","target":["https:\/\/liank.no\/kurs-i-villajoyosa\/"]}]},{"@type":"BreadcrumbList","@id":"https:\/\/liank.no\/kurs-i-villajoyosa\/#breadcrumb","itemListElement":[{"@type":"ListItem","position":1,"name":"Hjem","item":"https:\/\/liank.no\/"},{"@type":"ListItem","position":2,"name":"Kurs i Villajoyosa"}]},{"@type":"WebSite","@id":"https:\/\/www.milene.dittlivdinfremtid.no\/#website","url":"https:\/\/www.milene.dittlivdinfremtid.no\/","name":"LianK","description":"My WordPress Blog","potentialAction":[{"@type":"SearchAction","target":{"@type":"EntryPoint","urlTemplate":"https:\/\/www.milene.dittlivdinfremtid.no\/?s={search_term_string}"},"query-input":{"@type":"PropertyValueSpecification","valueRequired":true,"valueName":"search_term_string"}}],"inLanguage":"en-GB"}]}},"_links":{"self":[{"href":"https:\/\/liank.no\/en\/wp-json\/wp\/v2\/pages\/103946","targetHints":{"allow":["GET"]}}],"collection":[{"href":"https:\/\/liank.no\/en\/wp-json\/wp\/v2\/pages"}],"about":[{"href":"https:\/\/liank.no\/en\/wp-json\/wp\/v2\/types\/page"}],"author":[{"embeddable":true,"href":"https:\/\/liank.no\/en\/wp-json\/wp\/v2\/users\/1"}],"replies":[{"embeddable":true,"href":"https:\/\/liank.no\/en\/wp-json\/wp\/v2\/comments?post=103946"}],"version-history":[{"count":145,"href":"https:\/\/liank.no\/en\/wp-json\/wp\/v2\/pages\/103946\/revisions"}],"predecessor-version":[{"id":104717,"href":"https:\/\/liank.no\/en\/wp-json\/wp\/v2\/pages\/103946\/revisions\/104717"}],"wp:attachment":[{"href":"https:\/\/liank.no\/en\/wp-json\/wp\/v2\/media?parent=103946"}],"curies":[{"name":"wp","href":"https:\/\/api.w.org\/{rel}","templated":true}]}}