{"id":104337,"date":"2023-09-04T18:27:13","date_gmt":"2023-09-04T18:27:13","guid":{"rendered":"https:\/\/www.milene.dittlivdinfremtid.no\/?page_id=104337"},"modified":"2023-09-04T18:31:37","modified_gmt":"2023-09-04T18:31:37","slug":"test","status":"publish","type":"page","link":"https:\/\/liank.no\/en\/test\/","title":{"rendered":"Test"},"content":{"rendered":"<h1 style=\"\">Er du h\u00f8ysensitiv?<\/h1>\n<p><strong>Her er en selvtest du kan ta for \u00e5 se om du kan v\u00e6re h\u00f8ysensitiv eller om du bare er litt sensitiv.&nbsp;<\/strong><\/p>\n<p><strong>Gjennom denne testen vil du bli bedre kjent med hvilke omr\u00e5der din sensitivitet blir<\/strong><strong>mest p\u00e5virket i de ulike situasjoner.<\/strong><\/p>\n<p>&nbsp;<\/p>\n<p><strong>Svar p\u00e5 ja eller nei p\u00e5 hvert enkelt sp\u00f8rsm\u00e5l, og svar ut i fra hva du f\u00f8ler er riktig for deg.<\/strong><\/p>\n<ol>\n<li>Jeg tilpasser meg andre menneskers behov p\u00e5 bekostning av mine egne.<\/li>\n<li>Jeg \u00f8nsker ofte \u00e5 trekke meg tilbake, og gj\u00f8r det istedenfor \u00e5 g\u00e5 inn i en konflikt.<\/li>\n<li>Jeg har blitt fortalt at jeg kan oppleves overveldende og stressende p\u00e5 andre.<\/li>\n<li>Jeg f\u00f8ler meg ikke p\u00e5 b\u00f8lgelengde med normene i v\u00e5r kultur.<\/li>\n<li>Jeg kan f\u00f8le meg ukomfortabel til og med uvel av p\u00e5virkninger i omgivelsene,som ikke ser ut til \u00e5 p\u00e5virke andre.<\/li>\n<li>Jeg kan v\u00e6re veldig f\u00f8lsom for smerte.<\/li>\n<li>Jeg har et rikt indre liv.<\/li>\n<li>Jeg er samvittighetsfull.<\/li>\n<li>Jeg trenger mye s\u00f8vn.<\/li>\n<li>Jeg er lettskremt.<\/li>\n<li>Jeg kan f\u00f8le ubehag av sterkt lys, sterke lukter og h\u00f8ye lyder.<\/li>\n<li>Jeg fortsetter \u00e5 bearbeide og fremkalle opplevelser lenge etter at de er over.<\/li>\n<li>Jeg unng\u00e5r \u00e5 se p\u00e5 voldspregede filmer og program da det p\u00e5virker meg sterk.<\/li>\n<li>\u00c5 ha det travelt over flere dager i strekk stresser megselv om jeg liker det jeg gj\u00f8r, og \u00f8nsker \u00e5 v\u00e6re med p\u00e5 det som skjer.<\/li>\n<li>Jeg kan se flere sider av en sak, ikke bare den jeg foretrekker eller er enig<\/li>\n<li>Jeg legger merke til sm\u00e5 endringer hos andre personer, og i omgivelsene rundt meg.<\/li>\n<li>\u00c5 v\u00e6re sulten gj\u00f8r at jeg mister konsentrasjonen og hum\u00f8ret daler.<\/li>\n<li>Jeg synes det er vanskelig \u00e5 forlate ting eller reise avg\u00e5rde.<\/li>\n<li>Jeg har sterke b\u00e5nd til mennesker, dyr, steder og ting.<\/li>\n<li>Jeg f\u00e5r innimellom jernteppe n\u00e5r jeg blir konfrontert med noe.<\/li>\n<li>Jeg blir irritert n\u00e5r noen pr\u00f8ver \u00e5 f\u00e5 meg til \u00e5 gj\u00f8re flere ting p\u00e5 en gang.<\/li>\n<li>I konkurranser eller n\u00e5r noen iakttar meg n\u00e5r jeg utf\u00f8rer en oppgave blir jeg s\u00e5nerv\u00f8s\/usikker at jeg gj\u00f8r det mye d\u00e5rligere enn jeg ellers ville ha gjort det.<\/li>\n<li>Jeg trenger tid alene.<\/li>\n<li>Jeg er redd for \u00e5 frata andre sin rett hvis jeg krever min.<\/li>\n<li>Jeg trenger \u00e5 jobbe sannferdig og i overensstemmelse med mine verdier.<\/li>\n<li>Jeg har en spesiell sans for humor.<\/li>\n<li>Jeg er god p\u00e5 \u00e5 roe ned og berolige andre.<\/li>\n<li>Andre menneskers hum\u00f8r og n\u00e6rv\u00e6r p\u00e5virker meg.<\/li>\n<\/ol>\n<p>&nbsp;<\/p>\n<p style=\"\"><strong>Tell hvor mange Ja du fikk, og har du 14 eller flere Ja s\u00e5 er du nok h\u00f8ysensitiv.<\/strong><\/p>","protected":false},"excerpt":{"rendered":"<p>Er du h\u00f8ysensitiv? Her er en selvtest du kan ta for \u00e5 se om du kan v\u00e6re h\u00f8ysensitiv eller om du bare er litt sensitiv.&nbsp; Gjennom denne testen vil du bli bedre kjent med hvilke omr\u00e5der din sensitivitet blirmest p\u00e5virket i de ulike situasjoner. &nbsp; Svar p\u00e5 ja eller nei p\u00e5 hvert enkelt sp\u00f8rsm\u00e5l, og [&hellip;]<\/p>\n","protected":false},"author":1,"featured_media":0,"parent":0,"menu_order":0,"comment_status":"closed","ping_status":"closed","template":"","meta":{"footnotes":""},"class_list":["post-104337","page","type-page","status-publish","hentry","post-wrapper","thrv_wrapper"],"yoast_head":"<!-- This site is optimized with the Yoast SEO plugin v27.5 - https:\/\/yoast.com\/product\/yoast-seo-wordpress\/ -->\n<title>Test - LianK<\/title>\n<meta name=\"robots\" content=\"index, follow, max-snippet:-1, max-image-preview:large, max-video-preview:-1\" \/>\n<link rel=\"canonical\" href=\"https:\/\/www.milene.dittlivdinfremtid.no\/test\/\" \/>\n<meta property=\"og:locale\" content=\"en_GB\" \/>\n<meta property=\"og:type\" content=\"article\" \/>\n<meta property=\"og:title\" content=\"Test - LianK\" \/>\n<meta property=\"og:description\" content=\"Er du h\u00f8ysensitiv? Her er en selvtest du kan ta for \u00e5 se om du kan v\u00e6re h\u00f8ysensitiv eller om du bare er litt sensitiv.&nbsp; Gjennom denne testen vil du bli bedre kjent med hvilke omr\u00e5der din sensitivitet blirmest p\u00e5virket i de ulike situasjoner. &nbsp; Svar p\u00e5 ja eller nei p\u00e5 hvert enkelt sp\u00f8rsm\u00e5l, og [&hellip;]\" \/>\n<meta property=\"og:url\" content=\"https:\/\/www.milene.dittlivdinfremtid.no\/test\/\" \/>\n<meta property=\"og:site_name\" content=\"LianK\" \/>\n<meta property=\"article:modified_time\" content=\"2023-09-04T18:31:37+00:00\" \/>\n<meta name=\"twitter:card\" content=\"summary_large_image\" \/>\n<script type=\"application\/ld+json\" class=\"yoast-schema-graph\">{\"@context\":\"https:\\\/\\\/schema.org\",\"@graph\":[{\"@type\":\"WebPage\",\"@id\":\"https:\\\/\\\/www.milene.dittlivdinfremtid.no\\\/test\\\/\",\"url\":\"https:\\\/\\\/www.milene.dittlivdinfremtid.no\\\/test\\\/\",\"name\":\"Test - LianK\",\"isPartOf\":{\"@id\":\"https:\\\/\\\/www.milene.dittlivdinfremtid.no\\\/#website\"},\"datePublished\":\"2023-09-04T18:27:13+00:00\",\"dateModified\":\"2023-09-04T18:31:37+00:00\",\"breadcrumb\":{\"@id\":\"https:\\\/\\\/www.milene.dittlivdinfremtid.no\\\/test\\\/#breadcrumb\"},\"inLanguage\":\"en-GB\",\"potentialAction\":[{\"@type\":\"ReadAction\",\"target\":[\"https:\\\/\\\/www.milene.dittlivdinfremtid.no\\\/test\\\/\"]}]},{\"@type\":\"BreadcrumbList\",\"@id\":\"https:\\\/\\\/www.milene.dittlivdinfremtid.no\\\/test\\\/#breadcrumb\",\"itemListElement\":[{\"@type\":\"ListItem\",\"position\":1,\"name\":\"Hjem\",\"item\":\"https:\\\/\\\/liank.no\\\/\"},{\"@type\":\"ListItem\",\"position\":2,\"name\":\"Test\"}]},{\"@type\":\"WebSite\",\"@id\":\"https:\\\/\\\/www.milene.dittlivdinfremtid.no\\\/#website\",\"url\":\"https:\\\/\\\/www.milene.dittlivdinfremtid.no\\\/\",\"name\":\"LianK\",\"description\":\"My WordPress Blog\",\"potentialAction\":[{\"@type\":\"SearchAction\",\"target\":{\"@type\":\"EntryPoint\",\"urlTemplate\":\"https:\\\/\\\/www.milene.dittlivdinfremtid.no\\\/?s={search_term_string}\"},\"query-input\":{\"@type\":\"PropertyValueSpecification\",\"valueRequired\":true,\"valueName\":\"search_term_string\"}}],\"inLanguage\":\"en-GB\"}]}<\/script>\n<!-- \/ Yoast SEO plugin. -->","yoast_head_json":{"title":"Test - LianK","robots":{"index":"index","follow":"follow","max-snippet":"max-snippet:-1","max-image-preview":"max-image-preview:large","max-video-preview":"max-video-preview:-1"},"canonical":"https:\/\/www.milene.dittlivdinfremtid.no\/test\/","og_locale":"en_GB","og_type":"article","og_title":"Test - LianK","og_description":"Er du h\u00f8ysensitiv? Her er en selvtest du kan ta for \u00e5 se om du kan v\u00e6re h\u00f8ysensitiv eller om du bare er litt sensitiv.&nbsp; Gjennom denne testen vil du bli bedre kjent med hvilke omr\u00e5der din sensitivitet blirmest p\u00e5virket i de ulike situasjoner. &nbsp; Svar p\u00e5 ja eller nei p\u00e5 hvert enkelt sp\u00f8rsm\u00e5l, og [&hellip;]","og_url":"https:\/\/www.milene.dittlivdinfremtid.no\/test\/","og_site_name":"LianK","article_modified_time":"2023-09-04T18:31:37+00:00","twitter_card":"summary_large_image","schema":{"@context":"https:\/\/schema.org","@graph":[{"@type":"WebPage","@id":"https:\/\/www.milene.dittlivdinfremtid.no\/test\/","url":"https:\/\/www.milene.dittlivdinfremtid.no\/test\/","name":"Test - LianK","isPartOf":{"@id":"https:\/\/www.milene.dittlivdinfremtid.no\/#website"},"datePublished":"2023-09-04T18:27:13+00:00","dateModified":"2023-09-04T18:31:37+00:00","breadcrumb":{"@id":"https:\/\/www.milene.dittlivdinfremtid.no\/test\/#breadcrumb"},"inLanguage":"en-GB","potentialAction":[{"@type":"ReadAction","target":["https:\/\/www.milene.dittlivdinfremtid.no\/test\/"]}]},{"@type":"BreadcrumbList","@id":"https:\/\/www.milene.dittlivdinfremtid.no\/test\/#breadcrumb","itemListElement":[{"@type":"ListItem","position":1,"name":"Hjem","item":"https:\/\/liank.no\/"},{"@type":"ListItem","position":2,"name":"Test"}]},{"@type":"WebSite","@id":"https:\/\/www.milene.dittlivdinfremtid.no\/#website","url":"https:\/\/www.milene.dittlivdinfremtid.no\/","name":"LianK","description":"My WordPress Blog","potentialAction":[{"@type":"SearchAction","target":{"@type":"EntryPoint","urlTemplate":"https:\/\/www.milene.dittlivdinfremtid.no\/?s={search_term_string}"},"query-input":{"@type":"PropertyValueSpecification","valueRequired":true,"valueName":"search_term_string"}}],"inLanguage":"en-GB"}]}},"_links":{"self":[{"href":"https:\/\/liank.no\/en\/wp-json\/wp\/v2\/pages\/104337","targetHints":{"allow":["GET"]}}],"collection":[{"href":"https:\/\/liank.no\/en\/wp-json\/wp\/v2\/pages"}],"about":[{"href":"https:\/\/liank.no\/en\/wp-json\/wp\/v2\/types\/page"}],"author":[{"embeddable":true,"href":"https:\/\/liank.no\/en\/wp-json\/wp\/v2\/users\/1"}],"replies":[{"embeddable":true,"href":"https:\/\/liank.no\/en\/wp-json\/wp\/v2\/comments?post=104337"}],"version-history":[{"count":5,"href":"https:\/\/liank.no\/en\/wp-json\/wp\/v2\/pages\/104337\/revisions"}],"predecessor-version":[{"id":104343,"href":"https:\/\/liank.no\/en\/wp-json\/wp\/v2\/pages\/104337\/revisions\/104343"}],"wp:attachment":[{"href":"https:\/\/liank.no\/en\/wp-json\/wp\/v2\/media?parent=104337"}],"curies":[{"name":"wp","href":"https:\/\/api.w.org\/{rel}","templated":true}]}}