{"id":3,"date":"2023-06-27T15:00:11","date_gmt":"2023-06-27T15:00:11","guid":{"rendered":"https:\/\/liank.no\/?page_id=3"},"modified":"2023-07-16T14:29:42","modified_gmt":"2023-07-16T14:29:42","slug":"privacy-policy","status":"publish","type":"page","link":"https:\/\/liank.no\/en\/privacy-policy\/","title":{"rendered":"Personvern"},"content":{"rendered":"<h1>Personvernerkl\u00e6ring<\/h1>\n<h2>Hvem vi er<\/h2>\n<p>V\u00e5r nettstedsadresse er: http:\/\/liank.no og ansvarlig er Lian Kirks\u00e6ther.<\/p>\n<h2>Hvilke personopplysninger vi samler inn og hvorfor vi samler de inn<\/h2>\n<h3>Informasjonskapsler<\/h3>\n<p>Hvis du legger inn en kommentar p\u00e5 dette nettstedet, kan du be oss om \u00e5 huske navn, e-post og nettsted. Denne informasjonen lagres i en informasjonskapsel og er der for \u00e5 gj\u00f8re ting lettere for deg. Du trenger da ikke \u00e5 gi inn denne informasjonen p\u00e5 nytt neste gang du legger inn en kommentar. Disse informasjonskapslene utl\u00f8per etter ett \u00e5r.<\/p>\n<p>Hvis du har en konto og logger deg inn p\u00e5 dette nettstedet, vil vi opprette en midlertidig informasjonskapsel for \u00e5 avgj\u00f8re om nettleseren din st\u00f8tter bruk av dette. Denne informasjonskapselen inneholder ingen personopplysninger og forsvinner s\u00e5 snart du lukker nettleseren din.<\/p>\n<p>N\u00e5r du logger deg inn, blir det opprettet informasjonskapsler som lagrer innloggingsinformasjonen din og valg du har tatt n\u00e5r det gjelder hvordan innhold skal vises. Informasjonskapsler med innloggingsinformasjon utl\u00f8per etter to dager, mens de med visningsvalg varer i ett \u00e5r. Hvis du krysser av for &amp;lauot;Husk meg\u00bbt;, vil innloggingsinformasjonen din oppbevares i to uker. Hvis du logger deg ut av kontoen din, vil disse informasjonskapslene forsvinne.<\/p>\n<p>Hvis du redigerer eller publiserer en artikkel, vil ytterligere en informasjonskapsel bli lagret i nettleseren din. Denne informasjonskapselen inneholder ingen personopplysninger, men bare ID-en til artikkelen du nettopp redigerte. Den utl\u00f8per etter \u00e9n dag.<\/p>\n<h3>Du kan deaktivere infokapsler i nettleseren din, men de fleste nettsider vil da ikke fungere som de skal<\/h3>\n<p>Det er fullt mulig \u00e5 skru av informasjonskapsler i din nettleser. Men hver da klar over at sv\u00e6rt mange nettsider ikke vil fungere. Du vil for eksempel ikke ha mulighet til \u00e5 handle i nettbutikker, logge deg p\u00e5 sosiale medier som Facebook, Twitter, Google+ osv.<\/p>\n<h3>Innebygd innhold fra andre nettsteder<\/h3>\n<p>Artikler p\u00e5 denne siden kan inkludere innebygd innhold (f.eks. videoer, bilder, artikler osv.). Innebygd innhold fra andre nettsteder oppf\u00f8rer seg p\u00e5 n\u00f8yaktig samme m\u00e5te som om den bes\u00f8kende hadde bes\u00f8kt nettstedet som det innebygde innholdet kommer fra.<\/p>\n<p>Disse nettstedene kan samle inn opplysninger om deg, bruke informasjonskapsler, bygge inn sporingssystemer fra tredjeparter og overv\u00e5ke hva du gj\u00f8r via dette innebygde innholdet. Dette omfatter ogs\u00e5 sporing av handlingene dine via det innebygde innholdet dersom du har en konto og er logget inn p\u00e5 nettstedet.<\/p>\n<h2>Hvem vi deler dine opplysninger med<\/h2>\n<p>Vi deler dine opplysninger med ingen andre!<\/p>\n<h2>Hvor lenge vi oppbevarer opplysninger om deg<\/h2>\n<p>Hvis du legger igjen en kommentar, blir kommentaren og informasjon om kommentaren lagret p\u00e5 ubestemt tid. Dette er for at vi kan gjenkjenne oppf\u00f8lgingskommentarer og godkjenne dem automatisk i stedet for \u00e5 legge dem i en k\u00f8 der de m\u00e5 godkjennes manuelt av en redakt\u00f8r.<\/p>\n<p>For brukere som registrerer seg p\u00e5 dette nettstedet (dersom denne muligheten eksisterer), lagres det ogs\u00e5 personopplysninger som de oppgir i brukerprofilen sin. Alle brukere kan se, redigere og slette sine egne personopplysninger n\u00e5r som helst (bortsett fra brukernavn). Nettstedets administratorer kan ogs\u00e5 se og redigere denne informasjonen.<\/p>\n<h2>Rettighetene dine n\u00e5r det gjelder opplysninger vi har om deg<\/h2>\n<p>Hvis du har en konto p\u00e5 dette nettstedet eller har lagt igjen kommentarer, kan du be om \u00e5 f\u00e5 en eksportfil som inneholder personopplysningene vi har om deg. Dette omfatter all data du har gitt oss. Du kan ogs\u00e5 be om at vi sletter alle personopplysninger vi har om deg. Dette omfatter ikke opplysninger vi er p\u00e5lagt \u00e5 lagre av administrative, juridiske eller sikkerhetsmessige \u00e5rsaker.<\/p>\n<h2>Hvor vi sender opplysninger om deg<\/h2>\n<p>Bes\u00f8kendes kommentarer kan bli kontrollert gjennom en automatisk gjenkjennelsestjeneste mot s\u00f8ppelkommentarer.<\/p>\n<h3>Google Analytics:<\/h3>\n<p>Google Analytics er et analyseverkt\u00f8y vi bruker for \u00e5 anlysere brukeroppf\u00f8rsel p\u00e5 wpskolen.no. Dette er en gratistjeneste fra Google som gj\u00f8r det mulig se antall bes\u00f8kende, sidevisninger, trafikkilder, lengde p\u00e5 bes\u00f8k, geografisk lokasjon og mye mer. For \u00e5 lagre informasjon om de bes\u00f8kende, benytter Google Analytics et javascript, som igjen lager 5 forskjellige informasjonskapsler. Disse informasjonskapslene benyttes til \u00e5 lagre bevegelsesm\u00f8nsteret p\u00e5 et nettsted og hver enkelt bevegelse. Disse informasjonskapslene er:<\/p>\n<p>__utma: Lagres i 2 \u00e5r fra siste bes\u00f8k.__utmb: Lagres i 30 min fra siste bes\u00f8k.__utmc: Lagres til nettleseren lukkes.__utmz: Lagres i 6 m\u00e5neder fra siste bes\u00f8k.__utmv: Lagres i 2 \u00e5r fra siste bes\u00f8k._ga: Lagres i 2 \u00e5r fra siste bes\u00f8k.<\/p>\n<h3>Facebook<\/h3>\n<p>Vi bruker Facebook page plugin og Facebook kommentarer som benytter infokapsler. Facebook cookies settes hvis du tidligere har bes\u00f8kt Facebook, eller har klikket \u00abliker\u00bb eller en annen link p\u00e5 v\u00e5r Facebook side. Cookies\/infokapsler brukes ogs\u00e5 i forbindelse med tilbud og annonser p\u00e5 Facebook.<\/p>\n<h2>N\u00e5r lagrer vi informasjon om deg som person<\/h2>\n<h3>E-post lister og kontakt skjema<\/h3>\n<p>P\u00e5 nettsiden v\u00e5r vil du finne ulike \u00abopt-in\u00bb bokser og kontakt skjema. Det vil si at du kan registrere deg p\u00e5 v\u00e5r e-post liste for nyhetsbrev, eller du kan registrere deg for \u00e5 f\u00e5 tilsendt f.eks et pdf dokument eller en e-bok. Du blir da bedt om \u00e5 registrere navn og e-post adresse. Det vil st\u00e5 klart og tydelig hva vi kommer til \u00e5 sende deg. Om du f.eks melder deg p\u00e5 en liste for nyhetsbrev, s\u00e5 vil det st\u00e5 hvor ofte du kan forvente \u00e5 h\u00f8re fra oss. Du vil alltid ha mulighet til \u00e5 melde deg av lister du st\u00e5r p\u00e5 ved \u00e5 klikke p\u00e5 en \u00abmeld deg av\u00bb link i e-posten du mottar.<\/p>\n<h3>Kommentarer p\u00e5 bloggen<\/h3>\n<p>N\u00e5r bes\u00f8kende legger inn kommentarer p\u00e5 siden, lagres informasjonen gitt inn i kommentarskjemaet i tillegg til IP-adressen til den bes\u00f8kende og den bes\u00f8kendes nettleserversjon. Dette gj\u00f8res for \u00e5 bidra til \u00e5 unng\u00e5 useri\u00f8se kommentarer.<\/p>\n<p>En anonym tekststreng generert p\u00e5 grunnlag av e-postadressen din (ogs\u00e5 kalt en \u00abhash\u00bb) kan bli sendt til tjenesten Gravatar for \u00e5 unders\u00f8ke om du har en konto der. Personvernerkl\u00e6ringen til Gravatar ligger her: https:\/\/automattic.com\/privacy\/. Etter at kommentaren din er blitt godkjent, vil profilbildet ditt v\u00e6re synlig for hvem som helst i forbindelse med kommentaren din.<\/p>\n<p>Du kan be om \u00e5 f\u00e5 slettet eller anonymisert alle kommentarer du har lagt inn ved \u00e5 kontakte oss p\u00e5 e-post.<\/p>\n<p>Hvis du legger inn en kommentar p\u00e5 dette nettstedet, kan du be oss om \u00e5 huske navn, e-post og nettsted. Denne informasjonen lagres i en informasjonskapsel og er der for \u00e5 gj\u00f8re ting lettere for deg. Du trenger da ikke \u00e5 gi inn denne informasjonen p\u00e5 nytt neste gang du legger inn en kommentar. Disse informasjonskapslene utl\u00f8per etter ett \u00e5r.<\/p>\n<h3>Gratis kurs<\/h3>\n<p>Om du registrerer deg p\u00e5 et gratis nettkurs p\u00e5 oddfylling.no, s\u00e5 vil vi kun lagre navnet du registrerer deg med, og e-post adressen din. Utsendelse av e-post er ett ledd i oppf\u00f8lgingen av deg som deltager p\u00e5 kurset, men du kan selv melde deg av e-post lista ved \u00e5 bruke \u00abmeld deg av\u00bb linken i e-post du f\u00e5r tilsendt.<\/p>\n<h3>Kurs du kj\u00f8per fra liank.no<\/h3>\n<p>N\u00e5r du kj\u00f8per et kurs p\u00e5 liank.no ber vi deg om \u00e5 registrere navn, e-post adresse, postadresse, samt organisasjonsnummer og firmanavn dersom du representerer ett firma. Dette gj\u00f8r vi for \u00e5 kunne sende deg en korrekt faktura iht bokf\u00f8ringsforskriftens formkrav til faktura. E-post adressen din vil ogs\u00e5 v\u00e6re ditt brukernavn som du bruker for \u00e5 kunne logge deg inn p\u00e5 kurs du har kj\u00f8pt tilgang til.<\/p>\n<p>N\u00e5r du logger inn p\u00e5 liank.no, vil en informasjonskapsel bli lagret i din nettleser. Dette for at du skal ha tilgang til dine kurs og medlemskap mens du er innlogget. Denne informasjonskapselen er individuelt knyttet til deg og noe av din aktivitet vil bli sporet. Hvis du f.eks pr\u00f8ver \u00e5 logge inn p\u00e5 kontoen din med feil passord, kan vi se et mislykket p\u00e5loggingsfors\u00f8k i loggen. Det gj\u00f8r at vi i de fleste tilfeller kan se \u00e5rsaken til at du ikke kommer inn og kan hjelpe deg med det.<\/p>\n<p>Hvis uvedkommende skulle ha f\u00e5tt tak i ditt brukernavn og passord og fors\u00f8ker \u00e5 logge seg inn som deg, kan vi med tilleggsinfo fra deg utestenge vedkommendes ip-adresse. Det lagres ogs\u00e5 en aktivitetslogg knyttet til din brukerkonto. Denne lagres i 1 \u00e5r og informasjonen som lagres er f.eks hvilke kursleksjoner du har v\u00e6rt innom, dato for opp- eller nedgradering av medlemskap og n\u00e5r du har v\u00e6rt logget inn p\u00e5 siden.<\/p>\n<p>Kredittkortinformasjon lagres\u00a0<strong>ikke<\/strong> p\u00e5 liank.no sin server. Alle kj\u00f8p g\u00e5r via Stripe Payments Europe, Ltd., 1 Grand Canal Street Lower, Grand Canal Dock, Dublin.<\/p>\n<h2>Sletting av data<\/h2>\n<p>Som tidligere nevnt, s\u00e5 kan du n\u00e5r som helst melde deg av e-post lister du st\u00e5r p\u00e5.<\/p>\n<p>Hvis du har en konto p\u00e5 dette nettstedet eller har lagt igjen kommentarer, kan du be om \u00e5 f\u00e5 en eksportfil som inneholder personopplysningene vi har om deg. Dette omfatter all data du har gitt oss. Du kan ogs\u00e5 be om at vi sletter alle personopplysninger vi har om deg. Dette omfatter ikke opplysninger vi er p\u00e5lagt \u00e5 lagre av administrative, juridiske eller sikkerhetsmessige \u00e5rsaker.Vi kan naturlig nok ikke slette regnskapsbilag, da vi er pliktig \u00e5 oppbevare disse i 10 \u00e5r.<\/p>\n<h2>Sikkerhet<\/h2>\n<p>Vi har iverksatt tiltak for \u00e5 sikre at dine personopplysninger ikke kommer p\u00e5 avveie, eller blir slettet. Det kj\u00f8res regelmessig backup av nettsiden, og \u00f8vrige sikkerhetstiltak. Vi har forsikret oss om at alle tredjepartsleverand\u00f8rer av tjenester til oss (som f.eks leverand\u00f8r av webhotell og e-post server) ogs\u00e5 har iverksatt n\u00f8dvendige sikkerhetstiltak gjeldende lover.<\/p>","protected":false},"excerpt":{"rendered":"<p>Personvernerkl\u00e6ring Hvem vi er V\u00e5r nettstedsadresse er: http:\/\/liank.no og ansvarlig er Lian Kirks\u00e6ther. Hvilke personopplysninger vi samler inn og hvorfor vi samler de inn Informasjonskapsler Hvis du legger inn en kommentar p\u00e5 dette nettstedet, kan du be oss om \u00e5 huske navn, e-post og nettsted. Denne informasjonen lagres i en informasjonskapsel og er der for [&hellip;]<\/p>\n","protected":false},"author":1,"featured_media":0,"parent":0,"menu_order":0,"comment_status":"closed","ping_status":"open","template":"","meta":{"footnotes":""},"class_list":["post-3","page","type-page","status-publish","hentry","post-wrapper","thrv_wrapper"],"yoast_head":"<!-- This site is optimized with the Yoast SEO plugin v27.5 - https:\/\/yoast.com\/product\/yoast-seo-wordpress\/ -->\n<title>Personvern - LianK<\/title>\n<meta name=\"robots\" content=\"index, follow, max-snippet:-1, max-image-preview:large, max-video-preview:-1\" \/>\n<link rel=\"canonical\" href=\"https:\/\/www.milene.dittlivdinfremtid.no\/privacy-policy\/\" \/>\n<meta property=\"og:locale\" content=\"en_GB\" \/>\n<meta property=\"og:type\" content=\"article\" \/>\n<meta property=\"og:title\" content=\"Personvern - LianK\" \/>\n<meta property=\"og:description\" content=\"Personvernerkl\u00e6ring Hvem vi er V\u00e5r nettstedsadresse er: http:\/\/liank.no og ansvarlig er Lian Kirks\u00e6ther. Hvilke personopplysninger vi samler inn og hvorfor vi samler de inn Informasjonskapsler Hvis du legger inn en kommentar p\u00e5 dette nettstedet, kan du be oss om \u00e5 huske navn, e-post og nettsted. Denne informasjonen lagres i en informasjonskapsel og er der for [&hellip;]\" \/>\n<meta property=\"og:url\" content=\"https:\/\/www.milene.dittlivdinfremtid.no\/privacy-policy\/\" \/>\n<meta property=\"og:site_name\" content=\"LianK\" \/>\n<meta property=\"article:modified_time\" content=\"2023-07-16T14:29:42+00:00\" \/>\n<meta name=\"twitter:card\" content=\"summary_large_image\" \/>\n<meta name=\"twitter:label1\" content=\"Estimated reading time\" \/>\n\t<meta name=\"twitter:data1\" content=\"7 minutes\" \/>\n<script type=\"application\/ld+json\" class=\"yoast-schema-graph\">{\"@context\":\"https:\\\/\\\/schema.org\",\"@graph\":[{\"@type\":\"WebPage\",\"@id\":\"https:\\\/\\\/www.milene.dittlivdinfremtid.no\\\/privacy-policy\\\/\",\"url\":\"https:\\\/\\\/www.milene.dittlivdinfremtid.no\\\/privacy-policy\\\/\",\"name\":\"Personvern - LianK\",\"isPartOf\":{\"@id\":\"https:\\\/\\\/www.milene.dittlivdinfremtid.no\\\/#website\"},\"datePublished\":\"2023-06-27T15:00:11+00:00\",\"dateModified\":\"2023-07-16T14:29:42+00:00\",\"breadcrumb\":{\"@id\":\"https:\\\/\\\/www.milene.dittlivdinfremtid.no\\\/privacy-policy\\\/#breadcrumb\"},\"inLanguage\":\"en-GB\",\"potentialAction\":[{\"@type\":\"ReadAction\",\"target\":[\"https:\\\/\\\/www.milene.dittlivdinfremtid.no\\\/privacy-policy\\\/\"]}]},{\"@type\":\"BreadcrumbList\",\"@id\":\"https:\\\/\\\/www.milene.dittlivdinfremtid.no\\\/privacy-policy\\\/#breadcrumb\",\"itemListElement\":[{\"@type\":\"ListItem\",\"position\":1,\"name\":\"Hjem\",\"item\":\"https:\\\/\\\/liank.no\\\/\"},{\"@type\":\"ListItem\",\"position\":2,\"name\":\"Personvern\"}]},{\"@type\":\"WebSite\",\"@id\":\"https:\\\/\\\/www.milene.dittlivdinfremtid.no\\\/#website\",\"url\":\"https:\\\/\\\/www.milene.dittlivdinfremtid.no\\\/\",\"name\":\"LianK\",\"description\":\"My WordPress Blog\",\"potentialAction\":[{\"@type\":\"SearchAction\",\"target\":{\"@type\":\"EntryPoint\",\"urlTemplate\":\"https:\\\/\\\/www.milene.dittlivdinfremtid.no\\\/?s={search_term_string}\"},\"query-input\":{\"@type\":\"PropertyValueSpecification\",\"valueRequired\":true,\"valueName\":\"search_term_string\"}}],\"inLanguage\":\"en-GB\"}]}<\/script>\n<!-- \/ Yoast SEO plugin. -->","yoast_head_json":{"title":"Personvern - LianK","robots":{"index":"index","follow":"follow","max-snippet":"max-snippet:-1","max-image-preview":"max-image-preview:large","max-video-preview":"max-video-preview:-1"},"canonical":"https:\/\/www.milene.dittlivdinfremtid.no\/privacy-policy\/","og_locale":"en_GB","og_type":"article","og_title":"Personvern - LianK","og_description":"Personvernerkl\u00e6ring Hvem vi er V\u00e5r nettstedsadresse er: http:\/\/liank.no og ansvarlig er Lian Kirks\u00e6ther. Hvilke personopplysninger vi samler inn og hvorfor vi samler de inn Informasjonskapsler Hvis du legger inn en kommentar p\u00e5 dette nettstedet, kan du be oss om \u00e5 huske navn, e-post og nettsted. Denne informasjonen lagres i en informasjonskapsel og er der for [&hellip;]","og_url":"https:\/\/www.milene.dittlivdinfremtid.no\/privacy-policy\/","og_site_name":"LianK","article_modified_time":"2023-07-16T14:29:42+00:00","twitter_card":"summary_large_image","twitter_misc":{"Estimated reading time":"7 minutes"},"schema":{"@context":"https:\/\/schema.org","@graph":[{"@type":"WebPage","@id":"https:\/\/www.milene.dittlivdinfremtid.no\/privacy-policy\/","url":"https:\/\/www.milene.dittlivdinfremtid.no\/privacy-policy\/","name":"Personvern - LianK","isPartOf":{"@id":"https:\/\/www.milene.dittlivdinfremtid.no\/#website"},"datePublished":"2023-06-27T15:00:11+00:00","dateModified":"2023-07-16T14:29:42+00:00","breadcrumb":{"@id":"https:\/\/www.milene.dittlivdinfremtid.no\/privacy-policy\/#breadcrumb"},"inLanguage":"en-GB","potentialAction":[{"@type":"ReadAction","target":["https:\/\/www.milene.dittlivdinfremtid.no\/privacy-policy\/"]}]},{"@type":"BreadcrumbList","@id":"https:\/\/www.milene.dittlivdinfremtid.no\/privacy-policy\/#breadcrumb","itemListElement":[{"@type":"ListItem","position":1,"name":"Hjem","item":"https:\/\/liank.no\/"},{"@type":"ListItem","position":2,"name":"Personvern"}]},{"@type":"WebSite","@id":"https:\/\/www.milene.dittlivdinfremtid.no\/#website","url":"https:\/\/www.milene.dittlivdinfremtid.no\/","name":"LianK","description":"My WordPress Blog","potentialAction":[{"@type":"SearchAction","target":{"@type":"EntryPoint","urlTemplate":"https:\/\/www.milene.dittlivdinfremtid.no\/?s={search_term_string}"},"query-input":{"@type":"PropertyValueSpecification","valueRequired":true,"valueName":"search_term_string"}}],"inLanguage":"en-GB"}]}},"_links":{"self":[{"href":"https:\/\/liank.no\/en\/wp-json\/wp\/v2\/pages\/3","targetHints":{"allow":["GET"]}}],"collection":[{"href":"https:\/\/liank.no\/en\/wp-json\/wp\/v2\/pages"}],"about":[{"href":"https:\/\/liank.no\/en\/wp-json\/wp\/v2\/types\/page"}],"author":[{"embeddable":true,"href":"https:\/\/liank.no\/en\/wp-json\/wp\/v2\/users\/1"}],"replies":[{"embeddable":true,"href":"https:\/\/liank.no\/en\/wp-json\/wp\/v2\/comments?post=3"}],"version-history":[{"count":6,"href":"https:\/\/liank.no\/en\/wp-json\/wp\/v2\/pages\/3\/revisions"}],"predecessor-version":[{"id":103562,"href":"https:\/\/liank.no\/en\/wp-json\/wp\/v2\/pages\/3\/revisions\/103562"}],"wp:attachment":[{"href":"https:\/\/liank.no\/en\/wp-json\/wp\/v2\/media?parent=3"}],"curies":[{"name":"wp","href":"https:\/\/api.w.org\/{rel}","templated":true}]}}